{"id":80,"date":"2024-02-27T01:29:40","date_gmt":"2024-02-27T01:29:40","guid":{"rendered":"https:\/\/tianhongtrailer.com\/?page_id=80"},"modified":"2024-03-29T09:42:46","modified_gmt":"2024-03-29T09:42:46","slug":"about-us","status":"publish","type":"page","link":"https:\/\/www.tianhongtrailer.com\/vi\/about-us\/","title":{"rendered":"V\u1ec0 CH\u00daNG T\u00d4I"},"content":{"rendered":"<div data-elementor-type=\"wp-page\" data-elementor-id=\"80\" class=\"elementor elementor-80\" data-elementor-post-type=\"page\">\n\t\t\t\t<div class=\"elementor-element elementor-element-0488069 e-flex e-con-boxed e-con e-parent\" data-id=\"0488069\" data-element_type=\"container\" data-settings=\"{&quot;content_width&quot;:&quot;boxed&quot;}\" data-core-v316-plus=\"true\">\n\t\t\t\t\t<div class=\"e-con-inner\">\n\t\t\t\t<div class=\"elementor-element elementor-element-3ba8c74 elementor--h-position-center elementor--v-position-middle elementor-arrows-position-inside elementor-pagination-position-inside elementor-widget elementor-widget-slides\" data-id=\"3ba8c74\" data-element_type=\"widget\" data-settings=\"{&quot;navigation&quot;:&quot;both&quot;,&quot;autoplay&quot;:&quot;yes&quot;,&quot;pause_on_hover&quot;:&quot;yes&quot;,&quot;pause_on_interaction&quot;:&quot;yes&quot;,&quot;autoplay_speed&quot;:5000,&quot;infinite&quot;:&quot;yes&quot;,&quot;transition&quot;:&quot;slide&quot;,&quot;transition_speed&quot;:500}\" data-widget_type=\"slides.default\">\n\t\t\t\t<div class=\"elementor-widget-container\">\n\t\t\t<style>\/*! elementor-pro - v3.15.0 - 31-07-2023 *\/\n.elementor-slides .swiper-slide-bg{background-size:cover;background-position:50%;background-repeat:no-repeat;min-width:100%;min-height:100%}.elementor-slides .swiper-slide-inner{background-repeat:no-repeat;background-position:50%;position:absolute;top:0;left:0;bottom:0;right:0;padding:50px;margin:auto}.elementor-slides .swiper-slide-inner,.elementor-slides .swiper-slide-inner:hover{color:#fff;display:flex}.elementor-slides .swiper-slide-inner .elementor-background-overlay{position:absolute;z-index:0;top:0;bottom:0;left:0;right:0}.elementor-slides .swiper-slide-inner .elementor-slide-content{position:relative;z-index:1;width:100%}.elementor-slides .swiper-slide-inner .elementor-slide-heading{font-size:35px;font-weight:700;line-height:1}.elementor-slides .swiper-slide-inner .elementor-slide-description{font-size:17px;line-height:1.4}.elementor-slides .swiper-slide-inner .elementor-slide-description:not(:last-child),.elementor-slides .swiper-slide-inner .elementor-slide-heading:not(:last-child){margin-bottom:30px}.elementor-slides .swiper-slide-inner .elementor-slide-button{border:2px solid #fff;color:#fff;background:transparent;display:inline-block}.elementor-slides .swiper-slide-inner .elementor-slide-button,.elementor-slides .swiper-slide-inner .elementor-slide-button:hover{background:transparent;color:inherit;text-decoration:none}.elementor--v-position-top .swiper-slide-inner{align-items:flex-start}.elementor--v-position-bottom .swiper-slide-inner{align-items:flex-end}.elementor--v-position-middle .swiper-slide-inner{align-items:center}.elementor--h-position-left .swiper-slide-inner{justify-content:flex-start}.elementor--h-position-right .swiper-slide-inner{justify-content:flex-end}.elementor--h-position-center .swiper-slide-inner{justify-content:center}body.rtl .elementor-widget-slides .elementor-swiper-button-next{left:10px;right:auto}body.rtl .elementor-widget-slides .elementor-swiper-button-prev{right:10px;left:auto}.elementor-slides-wrapper div:not(.swiper-slide)>.swiper-slide-inner{display:none}@media (max-width:767px){.elementor-slides .swiper-slide-inner{padding:30px}.elementor-slides .swiper-slide-inner .elementor-slide-heading{font-size:23px;line-height:1;margin-bottom:15px}.elementor-slides .swiper-slide-inner .elementor-slide-description{font-size:13px;line-height:1.4;margin-bottom:15px}}<\/style>\t\t<div class=\"elementor-swiper\">\n\t\t\t<div class=\"elementor-slides-wrapper elementor-main-swiper swiper\" dir=\"ltr\" data-animation=\"fadeInUp\">\n\t\t\t\t<div class=\"swiper-wrapper elementor-slides\">\n\t\t\t\t\t\t\t\t\t\t<div class=\"elementor-repeater-item-a0a9620 swiper-slide\"><div class=\"swiper-slide-bg\" role=\"img\"><\/div><div class=\"swiper-slide-inner\" ><div class=\"swiper-slide-contents\"><\/div><\/div><\/div>\t\t\t\t<\/div>\n\t\t\t\t\t\t\t<\/div>\n\t\t<\/div>\n\t\t\t\t<\/div>\n\t\t\t\t<\/div>\n\t\t\t\t\t<\/div>\n\t\t\t\t<\/div>\n\t\t<div class=\"elementor-element elementor-element-2e22424 e-flex e-con-boxed e-con e-parent\" data-id=\"2e22424\" data-element_type=\"container\" data-settings=\"{&quot;content_width&quot;:&quot;boxed&quot;}\" data-core-v316-plus=\"true\">\n\t\t\t\t\t<div class=\"e-con-inner\">\n\t\t<div class=\"elementor-element elementor-element-3ba6764 e-flex e-con-boxed e-con e-child\" data-id=\"3ba6764\" data-element_type=\"container\" data-settings=\"{&quot;content_width&quot;:&quot;boxed&quot;}\">\n\t\t\t\t\t<div class=\"e-con-inner\">\n\t\t\t\t<div class=\"elementor-element elementor-element-ed3bab4 elementor-widget elementor-widget-heading\" data-id=\"ed3bab4\" data-element_type=\"widget\" data-widget_type=\"heading.default\">\n\t\t\t\t<div class=\"elementor-widget-container\">\n\t\t\t<style>\/*! elementor - v3.19.0 - 07-02-2024 *\/\n.elementor-heading-title{padding:0;margin:0;line-height:1}.elementor-widget-heading .elementor-heading-title[class*=elementor-size-]>a{color:inherit;font-size:inherit;line-height:inherit}.elementor-widget-heading .elementor-heading-title.elementor-size-small{font-size:15px}.elementor-widget-heading .elementor-heading-title.elementor-size-medium{font-size:19px}.elementor-widget-heading .elementor-heading-title.elementor-size-large{font-size:29px}.elementor-widget-heading .elementor-heading-title.elementor-size-xl{font-size:39px}.elementor-widget-heading .elementor-heading-title.elementor-size-xxl{font-size:59px}<\/style><p class=\"elementor-heading-title elementor-size-default\">C\u00f4ng ty TNHH C\u00f4ng ngh\u1ec7 \u00d4 t\u00f4 Shandong Tianhong \u0111\u01b0\u1ee3c th\u00e0nh l\u1eadp v\u00e0o n\u0103m 2010 v\u00e0 c\u00f3 tr\u1ee5 s\u1edf t\u1ea1i Liangshan, t\u1ec9nh Shandong, Trung Qu\u1ed1c - n\u01a1i \u0111\u01b0\u1ee3c m\u1ec7nh danh l\u00e0 c\u01a1 s\u1edf s\u1ea3n xu\u1ea5t xe chuy\u00ean d\u1ee5ng l\u1edbn nh\u1ea5t Trung Qu\u1ed1c. C\u00f4ng ty c\u00f3 t\u1ed5ng v\u1ed1n \u0111\u1ea7u t\u01b0 40.000.000 USD, di\u1ec7n t\u00edch nh\u00e0 m\u00e1y h\u01a1n 150.000 m\u00e9t vu\u00f4ng v\u00e0 hi\u1ec7n c\u00f3 210 nh\u00e2n vi\u00ean.<br><br>C\u00f4ng ty TNHH C\u00f4ng ngh\u1ec7 \u00d4 t\u00f4 Shandong Tianhong c\u00f3 ngu\u1ed3n t\u00e0i ch\u00ednh d\u1ed3i d\u00e0o. V\u1edbi t\u01b0 c\u00e1ch l\u00e0 nh\u00e0 cung c\u1ea5p chuy\u00ean nghi\u1ec7p v\u1ec1 r\u01a1 mo\u00f3c b\u00e1n t\u1ea3i, ch\u00fang t\u00f4i chuy\u00ean s\u1ea3n xu\u1ea5t c\u00e1c lo\u1ea1i r\u01a1 mo\u00f3c ch\u1edf h\u00e0ng th\u00f4ng th\u01b0\u1eddng nh\u01b0 r\u01a1 mo\u00f3c container ph\u1eb3ng, r\u01a1 mo\u00f3c \u0111\u1ed5, r\u01a1 mo\u00f3c s\u00e0n th\u1ea5p, r\u01a1 mo\u00f3c chuy\u00ean d\u1ee5ng, v.v. T\u1ea5t c\u1ea3 s\u1ea3n ph\u1ea9m \u0111\u01b0\u1ee3c xu\u1ea5t kh\u1ea9u sang c\u00e1c th\u1ecb tr\u01b0\u1eddng \u0110\u00f4ng Nam \u00c1, Trung \u0110\u00f4ng, Ch\u00e2u Phi, Nam M\u1ef9, Nga, Kazakhstan, Uzbekistan, v.v. v\u00e0 \u0111\u01b0\u1ee3c \u0111\u00e1nh gi\u00e1 cao v\u1ec1 ch\u1ea5t l\u01b0\u1ee3ng. Ch\u00fang t\u00f4i c\u00f3 \u0111\u1ed9i ng\u0169 chuy\u00ean gia xu\u1ea5t s\u1eafc t\u1eadp trung v\u00e0o ph\u00e1t tri\u1ec3n s\u1ea3n ph\u1ea9m &amp; thi\u1ebft k\u1ebf, ki\u1ec3m so\u00e1t ch\u1ea5t l\u01b0\u1ee3ng &amp; ki\u1ec3m tra, v\u00e0 qu\u1ea3n l\u00fd c\u00f4ng ty. \u0110\u1ec3 cung c\u1ea5p s\u1ea3n ph\u1ea9m v\u00e0 d\u1ecbch v\u1ee5 ch\u1ea5t l\u01b0\u1ee3ng cao, ch\u00fang t\u00f4i \u0111\u00e3 x\u00e2y d\u1ef1ng h\u1ec7 th\u1ed1ng qu\u1ea3n l\u00fd ch\u1ea5t l\u01b0\u1ee3ng hi\u1ec7n \u0111\u1ea1i tu\u00e2n th\u1ee7 nghi\u00eam ng\u1eb7t c\u00e1c ti\u00eau chu\u1ea9n qu\u1ed1c t\u1ebf. Ngo\u00e0i ra, do th\u1ecb tr\u01b0\u1eddng xu\u1ea5t kh\u1ea9u r\u1ed9ng l\u1edbn, h\u1ea7u h\u1ebft s\u1ea3n ph\u1ea9m c\u1ee7a ch\u00fang t\u00f4i \u0111\u00e3 \u0111\u1ea1t c\u00e1c ch\u1ee9ng ch\u1ec9 ch\u1ea5t l\u01b0\u1ee3ng ISO 9001-2000, CCC, CE, OTTC. N\u1ebfu qu\u00fd kh\u00e1ch c\u00f3 \u00fd t\u01b0\u1edfng ho\u1eb7c kh\u00e1i ni\u1ec7m m\u1edbi v\u1ec1 s\u1ea3n ph\u1ea9m, vui l\u00f2ng li\u00ean h\u1ec7 v\u1edbi ch\u00fang t\u00f4i. Ch\u00fang t\u00f4i c\u0169ng ch\u00e0o \u0111\u00f3n c\u00e1c \u0111\u01a1n h\u00e0ng OEM, ODM. D\u00f9 b\u1ea1n ch\u1ecdn s\u1ea3n ph\u1ea9m hi\u1ec7n c\u00f3 trong catalog c\u1ee7a ch\u00fang t\u00f4i hay c\u1ea7n h\u1ed7 tr\u1ee3 k\u1ef9 thu\u1eadt cho \u1ee9ng d\u1ee5ng c\u1ee7a m\u00ecnh, b\u1ea1n c\u00f3 th\u1ec3 li\u00ean h\u1ec7 v\u1edbi trung t\u00e2m d\u1ecbch v\u1ee5 kh\u00e1ch h\u00e0ng c\u1ee7a ch\u00fang t\u00f4i \u0111\u1ec3 th\u1ea3o lu\u1eadn v\u1ec1 y\u00eau c\u1ea7u cung \u1ee9ng c\u1ee7a m\u00ecnh.<br><br>Ch\u00fang t\u00f4i r\u1ea5t vui \u0111\u01b0\u1ee3c h\u1ee3p t\u00e1c v\u1edbi qu\u00fd v\u1ecb v\u00e0 cu\u1ed1i c\u00f9ng mang \u0111\u1ebfn cho qu\u00fd v\u1ecb nh\u1eefng s\u1ea3n ph\u1ea9m ch\u1ea5t l\u01b0\u1ee3ng, nh\u1eb1m c\u00f9ng nhau h\u01b0\u1edbng t\u1edbi m\u1ed9t t\u01b0\u01a1ng lai \u0111\u00f4i b\u00ean c\u00f9ng c\u00f3 l\u1ee3i.<\/p>\t\t<\/div>\n\t\t\t\t<\/div>\n\t\t\t\t\t<\/div>\n\t\t\t\t<\/div>\n\t\t\t\t\t<\/div>\n\t\t\t\t<\/div>\n\t\t<div class=\"elementor-element elementor-element-bbaf9ec e-flex e-con-boxed e-con e-parent\" data-id=\"bbaf9ec\" data-element_type=\"container\" data-settings=\"{&quot;content_width&quot;:&quot;boxed&quot;}\" data-core-v316-plus=\"true\">\n\t\t\t\t\t<div class=\"e-con-inner\">\n\t\t\t\t<div class=\"elementor-element elementor-element-52d641a elementor-widget elementor-widget-image\" data-id=\"52d641a\" data-element_type=\"widget\" data-widget_type=\"image.default\">\n\t\t\t\t<div class=\"elementor-widget-container\">\n\t\t\t<style>\/*! elementor - v3.19.0 - 07-02-2024 *\/\n.elementor-widget-image{text-align:center}.elementor-widget-image a{display:inline-block}.elementor-widget-image a img[src$=\".svg\"]{width:48px}.elementor-widget-image img{vertical-align:middle;display:inline-block}<\/style>\t\t\t\t\t\t\t\t\t\t<img fetchpriority=\"high\" decoding=\"async\" width=\"800\" height=\"506\" src=\"https:\/\/www.tianhongtrailer.com\/wp-content\/uploads\/2024\/03\/\u5b9e\u529b-27-1024x648.jpg\" class=\"attachment-large size-large wp-image-957\" alt=\"\" srcset=\"https:\/\/www.tianhongtrailer.com\/wp-content\/uploads\/2024\/03\/\u5b9e\u529b-27-1024x648.jpg 1024w, https:\/\/www.tianhongtrailer.com\/wp-content\/uploads\/2024\/03\/\u5b9e\u529b-27-300x190.jpg 300w, https:\/\/www.tianhongtrailer.com\/wp-content\/uploads\/2024\/03\/\u5b9e\u529b-27-768x486.jpg 768w, https:\/\/www.tianhongtrailer.com\/wp-content\/uploads\/2024\/03\/\u5b9e\u529b-27-800x506.jpg 800w, https:\/\/www.tianhongtrailer.com\/wp-content\/uploads\/2024\/03\/\u5b9e\u529b-27.jpg 1060w\" sizes=\"(max-width: 800px) 100vw, 800px\" \/>\t\t\t\t\t\t\t\t\t\t\t\t\t<\/div>\n\t\t\t\t<\/div>\n\t\t\t\t\t<\/div>\n\t\t\t\t<\/div>\n\t\t<div class=\"elementor-element elementor-element-12df18f e-flex e-con-boxed e-con e-parent\" data-id=\"12df18f\" data-element_type=\"container\" data-settings=\"{&quot;content_width&quot;:&quot;boxed&quot;}\" data-core-v316-plus=\"true\">\n\t\t\t\t\t<div class=\"e-con-inner\">\n\t\t\t\t<div class=\"elementor-element elementor-element-56af6ed elementor-widget elementor-widget-image\" data-id=\"56af6ed\" data-element_type=\"widget\" data-widget_type=\"image.default\">\n\t\t\t\t<div class=\"elementor-widget-container\">\n\t\t\t\t\t\t\t\t\t\t\t\t\t<img decoding=\"async\" width=\"800\" height=\"430\" src=\"https:\/\/www.tianhongtrailer.com\/wp-content\/uploads\/2024\/03\/5\u3001\u8d44\u8d287-1024x550.jpg\" class=\"attachment-large size-large wp-image-961\" alt=\"\" srcset=\"https:\/\/www.tianhongtrailer.com\/wp-content\/uploads\/2024\/03\/5\u3001\u8d44\u8d287-1024x550.jpg 1024w, https:\/\/www.tianhongtrailer.com\/wp-content\/uploads\/2024\/03\/5\u3001\u8d44\u8d287-300x161.jpg 300w, https:\/\/www.tianhongtrailer.com\/wp-content\/uploads\/2024\/03\/5\u3001\u8d44\u8d287-768x412.jpg 768w, https:\/\/www.tianhongtrailer.com\/wp-content\/uploads\/2024\/03\/5\u3001\u8d44\u8d287-1536x825.jpg 1536w, https:\/\/www.tianhongtrailer.com\/wp-content\/uploads\/2024\/03\/5\u3001\u8d44\u8d287-2048x1100.jpg 2048w, https:\/\/www.tianhongtrailer.com\/wp-content\/uploads\/2024\/03\/5\u3001\u8d44\u8d287-800x430.jpg 800w\" sizes=\"(max-width: 800px) 100vw, 800px\" \/>\t\t\t\t\t\t\t\t\t\t\t\t\t<\/div>\n\t\t\t\t<\/div>\n\t\t\t\t\t<\/div>\n\t\t\t\t<\/div>\n\t\t\t\t<\/div>","protected":false},"excerpt":{"rendered":"<p>Shandong Tianhong Automotive Technology Co.,ltd was founded in 2010 and is located in China biggest Special Vehicle production base Liangshan, Shandong provice China. We have a general investment of 40,000,000 dollars and a plant area of more than 150.000 square meters, employee 210 workers. Shandong Tianhong Automotive Technology Co.,ltd has abundant financial resources. As a [&hellip;]<\/p>","protected":false},"author":1,"featured_media":0,"parent":0,"menu_order":0,"comment_status":"closed","ping_status":"closed","template":"","meta":{"footnotes":""},"_links":{"self":[{"href":"https:\/\/www.tianhongtrailer.com\/vi\/wp-json\/wp\/v2\/pages\/80"}],"collection":[{"href":"https:\/\/www.tianhongtrailer.com\/vi\/wp-json\/wp\/v2\/pages"}],"about":[{"href":"https:\/\/www.tianhongtrailer.com\/vi\/wp-json\/wp\/v2\/types\/page"}],"author":[{"embeddable":true,"href":"https:\/\/www.tianhongtrailer.com\/vi\/wp-json\/wp\/v2\/users\/1"}],"replies":[{"embeddable":true,"href":"https:\/\/www.tianhongtrailer.com\/vi\/wp-json\/wp\/v2\/comments?post=80"}],"version-history":[{"count":25,"href":"https:\/\/www.tianhongtrailer.com\/vi\/wp-json\/wp\/v2\/pages\/80\/revisions"}],"predecessor-version":[{"id":964,"href":"https:\/\/www.tianhongtrailer.com\/vi\/wp-json\/wp\/v2\/pages\/80\/revisions\/964"}],"wp:attachment":[{"href":"https:\/\/www.tianhongtrailer.com\/vi\/wp-json\/wp\/v2\/media?parent=80"}],"curies":[{"name":"wp","href":"https:\/\/api.w.org\/{rel}","templated":true}]}}