{"id":696,"date":"2024-03-13T06:32:43","date_gmt":"2024-03-13T06:32:43","guid":{"rendered":"https:\/\/tianhongtrailer.com\/?post_type=product&#038;p=696"},"modified":"2024-04-26T04:03:45","modified_gmt":"2024-04-26T04:03:45","slug":"2-3-axle-car-ttransporter-carrier-trailer","status":"publish","type":"product","link":"https:\/\/www.tianhongtrailer.com\/tr\/urun\/2-3-axle-car-ttransporter-carrier-trailer\/","title":{"rendered":"2\/3 Axle New Car Transporter Carrier Trailer \uff08For Dealer\uff09"},"content":{"rendered":"<div class=\"editor-header\"><img fetchpriority=\"high\" decoding=\"async\" class=\"alignnone size-full wp-image-697\" src=\"http:\/\/tianhongtrailer.com\/wp-content\/uploads\/2024\/03\/1\u3001banner11.jpg\" alt=\"\" width=\"1060\" height=\"416\" srcset=\"https:\/\/www.tianhongtrailer.com\/wp-content\/uploads\/2024\/03\/1\u3001banner11.jpg 1060w, https:\/\/www.tianhongtrailer.com\/wp-content\/uploads\/2024\/03\/1\u3001banner11-300x118.jpg 300w, https:\/\/www.tianhongtrailer.com\/wp-content\/uploads\/2024\/03\/1\u3001banner11-1024x402.jpg 1024w, https:\/\/www.tianhongtrailer.com\/wp-content\/uploads\/2024\/03\/1\u3001banner11-768x301.jpg 768w, https:\/\/www.tianhongtrailer.com\/wp-content\/uploads\/2024\/03\/1\u3001banner11-800x314.jpg 800w\" sizes=\"(max-width: 1060px) 100vw, 1060px\" \/><\/div>\n<div class=\"main-content\">\n<div class=\"container-right\">\n<div id=\"detail_decorate_root\">\n<div class=\"editor-plugin-canvas\">\n<div class=\"render-engien-app\">\n<div class=\"editor-component-row editor-component-row-relative\">\n<div class=\"editor-component-container\">\n<div class=\"previewer-item-wrap\">\n<div id=\"tempid_1710230939844_2\" class=\"J_module\">\n<h2 id=\"ali-anchor-AliMagic-m5csi6\" data-section=\"AliMagic-m5csi6\" data-section-title=\"Product Display\">\u00dcr\u00fcn Te\u015fhir<\/h2>\n<\/div>\n<\/div>\n<\/div>\n<\/div>\n<div class=\"editor-component-row editor-component-row-relative\">\n<div class=\"editor-component-container\">\n<div class=\"previewer-item-wrap\">\n<div id=\"tempid_1710230939844_3\" class=\"J_module\">\n<div class=\"icbu-pc-images\" data-reactroot=\"\">\n<div class=\"flex-layout-v\">\n<div class=\"flex-layout-h\"><img decoding=\"async\" class=\"alignnone size-full wp-image-698\" src=\"http:\/\/tianhongtrailer.com\/wp-content\/uploads\/2024\/03\/2\u3001\u957f\u56fe13.jpg\" alt=\"\" width=\"1060\" height=\"1597\" srcset=\"https:\/\/www.tianhongtrailer.com\/wp-content\/uploads\/2024\/03\/2\u3001\u957f\u56fe13.jpg 1060w, https:\/\/www.tianhongtrailer.com\/wp-content\/uploads\/2024\/03\/2\u3001\u957f\u56fe13-199x300.jpg 199w, https:\/\/www.tianhongtrailer.com\/wp-content\/uploads\/2024\/03\/2\u3001\u957f\u56fe13-680x1024.jpg 680w, https:\/\/www.tianhongtrailer.com\/wp-content\/uploads\/2024\/03\/2\u3001\u957f\u56fe13-768x1157.jpg 768w, https:\/\/www.tianhongtrailer.com\/wp-content\/uploads\/2024\/03\/2\u3001\u957f\u56fe13-1020x1536.jpg 1020w, https:\/\/www.tianhongtrailer.com\/wp-content\/uploads\/2024\/03\/2\u3001\u957f\u56fe13-800x1205.jpg 800w\" sizes=\"(max-width: 1060px) 100vw, 1060px\" \/><\/div>\n<\/div>\n<\/div>\n<\/div>\n<\/div>\n<div class=\"editor-component-container-mask\"><\/div>\n<\/div>\n<\/div>\n<div class=\"editor-component-row editor-component-row-relative\">\n<div class=\"editor-component-container\">\n<div class=\"previewer-item-wrap\">\n<div id=\"tempid_1710230939844_4\" class=\"J_module\">\n<div class=\"detail-decorate-json-renderer-container\" data-reactroot=\"\">\n<div class=\"preview-edit-text-editor\" data-reactroot=\"\">\n<div id=\"preview-edit-1\" class=\"content-editor\" tabindex=\"1\" contenteditable=\"true\">\n<div>\n<div>\n<div class=\"preview-edit-text-editor\" data-reactroot=\"\">\n<div id=\"preview-edit-1\" class=\"content-editor\" tabindex=\"1\" contenteditable=\"true\"><span style=\"color: #eb3419;\">\u00d6n sat\u0131\u015f<\/span><\/div>\n<\/div>\n<\/div>\n<div>\n<div data-id=\"paragraph0\">\n<div class=\"preview-edit-text-editor\" data-reactroot=\"\">\n<div id=\"preview-edit-2\" class=\"content-editor\" tabindex=\"1\" contenteditable=\"true\">1. M\u00fc\u015fterilerin fabrikay\u0131 ziyaret etmelerini destekleyin 2. TT, LC, vb. gibi birden fazla \u00f6deme y\u00f6ntemini destekler. 3. Yeterli envanter 4. Deneyimli profesyonel sat\u0131\u015f ekibi<\/div>\n<\/div>\n<\/div>\n<\/div>\n<\/div>\n<div>\n<div>\n<div class=\"preview-edit-text-editor\" data-reactroot=\"\">\n<div id=\"preview-edit-3\" class=\"content-editor\" tabindex=\"1\" contenteditable=\"true\"><span style=\"color: #eb3419;\">Sat\u0131\u015f<\/span><\/div>\n<\/div>\n<\/div>\n<div>\n<div data-id=\"paragraph1\">\n<div class=\"preview-edit-text-editor\" data-reactroot=\"\">\n<div id=\"preview-edit-4\" class=\"content-editor\" tabindex=\"1\" contenteditable=\"true\">1. \u00dcretim s\u00fcrecinin g\u00f6rselle\u015ftirilmesi 2. Paketleme s\u00fcrecinin g\u00f6rselle\u015ftirilmesi 3. Ula\u015f\u0131m<\/div>\n<\/div>\n<\/div>\n<\/div>\n<\/div>\n<div>\n<div>\n<div class=\"preview-edit-text-editor\" data-reactroot=\"\">\n<div id=\"preview-edit-5\" class=\"content-editor\" tabindex=\"1\" contenteditable=\"true\"><span style=\"color: #eb3419;\">Sat\u0131\u015f sonras\u0131 s\u00fcre\u00e7 g\u00f6rselle\u015ftirme<\/span><\/div>\n<\/div>\n<\/div>\n<div>\n<div data-id=\"paragraph2\">\n<div class=\"preview-edit-text-editor\" data-reactroot=\"\">\n<div id=\"preview-edit-6\" class=\"content-editor\" tabindex=\"1\" contenteditable=\"true\">1. Bir y\u0131ll\u0131k garanti hizmeti 2. \u00d6m\u00fcr boyu VIP hizmetinin keyfini \u00e7\u0131kar\u0131n 3. Eski m\u00fc\u015fteriler b\u00fcy\u00fck indirimlerden yararlanabilir<\/div>\n<\/div>\n<\/div>\n<\/div>\n<\/div>\n<\/div>\n<\/div>\n<\/div>\n<\/div>\n<\/div>\n<h2 class=\"editor-component-container-mask\">\u00dcr\u00fcn Paramenterleri<\/h2>\n<\/div>\n<\/div>\n<div class=\"editor-component-row editor-component-row-relative\">\n<div class=\"editor-component-container\">\n<div class=\"previewer-item-wrap\">\n<div id=\"tempid_1710230939844_7\" class=\"J_module\">\n<div class=\"ife-detail-decorate-table\" data-reactroot=\"\">\n<table class=\"easy-table\" style=\"height: 313px;\" tabindex=\"1\" contenteditable=\"false\" width=\"725\" data-widget-cid=\"widget-0\">\n<tbody>\n<tr>\n<td>\n<div class=\"easy-table-content\" data-role=\"cellContent\">\n<div class=\"easy-table-editor\" data-role=\"cellEditor\"><b>\u00dcr\u00fcn Ad\u0131<\/b><\/div>\n<\/div>\n<div class=\"easy-table-dragger-col\" data-role=\"colDragger\" data-control-cid=\"control-0\"><\/div>\n<\/td>\n<td>\n<div class=\"easy-table-content\" data-role=\"cellContent\">\n<div class=\"easy-table-editor\" data-role=\"cellEditor\">Car tTransporter Carrier Trailer<\/div>\n<\/div>\n<div class=\"easy-table-dragger-col\" data-role=\"colDragger\" data-control-cid=\"control-0\"><\/div>\n<\/td>\n<td>\n<div class=\"easy-table-content\" data-role=\"cellContent\">\n<div class=\"easy-table-editor\" data-role=\"cellEditor\"><b data-spm-anchor-id=\"a2700.pc-decorate.0.i20.5f5a3333yO21EO\">Kapasite<\/b><\/div>\n<\/div>\n<div class=\"easy-table-dragger-col\" data-role=\"colDragger\" data-control-cid=\"control-0\"><\/div>\n<\/td>\n<td>\n<div class=\"easy-table-content\" data-role=\"cellContent\">\n<div class=\"easy-table-editor\" data-role=\"cellEditor\">60T<\/div>\n<\/div>\n<div class=\"easy-table-dragger-col\" data-role=\"colDragger\" data-control-cid=\"control-0\"><\/div>\n<\/td>\n<\/tr>\n<tr>\n<td>\n<div class=\"easy-table-content\" data-role=\"cellContent\">\n<div class=\"easy-table-editor\" data-role=\"cellEditor\"><b>Marka<\/b><\/div>\n<\/div>\n<div class=\"easy-table-dragger-col\" data-role=\"colDragger\" data-control-cid=\"control-0\"><\/div>\n<\/td>\n<td>\n<div class=\"easy-table-content\" data-role=\"cellContent\">\n<div class=\"easy-table-editor\" data-role=\"cellEditor\">RHINOSTRONG<\/div>\n<\/div>\n<div class=\"easy-table-dragger-col\" data-role=\"colDragger\" data-control-cid=\"control-0\"><\/div>\n<\/td>\n<td>\n<div class=\"easy-table-content\" data-role=\"cellContent\">\n<div class=\"easy-table-editor\" data-role=\"cellEditor\"><b>Renk<\/b><\/div>\n<\/div>\n<div class=\"easy-table-dragger-col\" data-role=\"colDragger\" data-control-cid=\"control-0\"><\/div>\n<\/td>\n<td>\n<div class=\"easy-table-content\" data-role=\"cellContent\">\n<div class=\"easy-table-editor\" data-role=\"cellEditor\">Sar\u0131\/K\u0131rm\u0131z\u0131<\/div>\n<\/div>\n<div class=\"easy-table-dragger-col\" data-role=\"colDragger\" data-control-cid=\"control-0\"><\/div>\n<\/td>\n<\/tr>\n<tr>\n<td>\n<div class=\"easy-table-content\" data-role=\"cellContent\">\n<div class=\"easy-table-editor\" data-role=\"cellEditor\"><b>Aks<\/b><\/div>\n<\/div>\n<div class=\"easy-table-dragger-col\" data-role=\"colDragger\" data-control-cid=\"control-0\"><\/div>\n<\/td>\n<td>\n<div class=\"easy-table-content\" data-role=\"cellContent\">\n<div class=\"easy-table-editor\" data-role=\"cellEditor\">Fuwa<\/div>\n<\/div>\n<div class=\"easy-table-dragger-col\" data-role=\"colDragger\" data-control-cid=\"control-0\"><\/div>\n<\/td>\n<td>\n<div class=\"easy-table-content\" data-role=\"cellContent\">\n<div class=\"easy-table-editor\" data-role=\"cellEditor\"><b>\u00dcr\u00fcn\u00fcn Yeri<\/b><\/div>\n<\/div>\n<div class=\"easy-table-dragger-col\" data-role=\"colDragger\" data-control-cid=\"control-0\"><\/div>\n<\/td>\n<td>\n<div class=\"easy-table-content\" data-role=\"cellContent\">\n<div class=\"easy-table-editor\" data-role=\"cellEditor\">Guangdong Eyaleti, \u00c7in<\/div>\n<\/div>\n<div class=\"easy-table-dragger-col\" data-role=\"colDragger\" data-control-cid=\"control-0\"><\/div>\n<\/td>\n<\/tr>\n<tr>\n<td>\n<div class=\"easy-table-content\" data-role=\"cellContent\">\n<div class=\"easy-table-editor\" data-role=\"cellEditor\"><b>\u0130ni\u015f Tak\u0131mlar\u0131<\/b><\/div>\n<\/div>\n<div class=\"easy-table-dragger-col\" data-role=\"colDragger\" data-control-cid=\"control-0\"><\/div>\n<\/td>\n<td>\n<div class=\"easy-table-content\" data-role=\"cellContent\">\n<div class=\"easy-table-editor\" data-role=\"cellEditor\">YaHua Marka<\/div>\n<\/div>\n<div class=\"easy-table-dragger-col\" data-role=\"colDragger\" data-control-cid=\"control-0\"><\/div>\n<\/td>\n<td>\n<div class=\"easy-table-content\" data-role=\"cellContent\">\n<div class=\"easy-table-editor\" data-role=\"cellEditor\"><b>Kral pimi<\/b><\/div>\n<\/div>\n<div class=\"easy-table-dragger-col\" data-role=\"colDragger\" data-control-cid=\"control-0\"><\/div>\n<\/td>\n<td>\n<div class=\"easy-table-content\" data-role=\"cellContent\">\n<div class=\"easy-table-editor\" data-role=\"cellEditor\">50#\/90#<\/div>\n<\/div>\n<div class=\"easy-table-dragger-col\" data-role=\"colDragger\" data-control-cid=\"control-0\"><\/div>\n<\/td>\n<\/tr>\n<tr>\n<td>\n<div class=\"easy-table-content\" data-role=\"cellContent\">\n<div class=\"easy-table-editor\" data-role=\"cellEditor\"><b>Boyut<\/b><\/div>\n<\/div>\n<div class=\"easy-table-dragger-col\" data-role=\"colDragger\" data-control-cid=\"control-0\"><\/div>\n<\/td>\n<td>\n<div class=\"easy-table-content\" data-role=\"cellContent\">\n<div class=\"easy-table-editor\" data-role=\"cellEditor\">12500*2550*1550mm<\/div>\n<\/div>\n<div class=\"easy-table-dragger-col\" data-role=\"colDragger\" data-control-cid=\"control-0\"><\/div>\n<\/td>\n<td>\n<div class=\"easy-table-content\" data-role=\"cellContent\">\n<div class=\"easy-table-editor\" data-role=\"cellEditor\"><b>Lastik<\/b><\/div>\n<\/div>\n<div class=\"easy-table-dragger-col\" data-role=\"colDragger\" data-control-cid=\"control-0\"><\/div>\n<\/td>\n<td>\n<div class=\"easy-table-content\" data-role=\"cellContent\">\n<div class=\"easy-table-editor\" data-role=\"cellEditor\">12.00R22.5<\/div>\n<\/div>\n<div class=\"easy-table-dragger-col\" data-role=\"colDragger\" data-control-cid=\"control-0\"><\/div>\n<\/td>\n<\/tr>\n<\/tbody>\n<\/table>\n<\/div>\n<\/div>\n<\/div>\n<\/div>\n<\/div>\n<\/div>\n<\/div>\n<div class=\"editor-component-row editor-component-row-relative\">\n<div class=\"editor-component-container\">\n<div class=\"previewer-item-wrap\">\n<div id=\"tempid_1710230939844_8\" class=\"J_module\">\n<h2 id=\"ali-anchor-AliMagic-mden2t\" data-section=\"AliMagic-mden2t\" data-section-title=\"Details Images\">Detaylar G\u00f6r\u00fcnt\u00fcler<\/h2>\n<\/div>\n<\/div>\n<\/div>\n<\/div>\n<div class=\"editor-component-row editor-component-row-relative\">\n<div class=\"editor-component-container\">\n<div class=\"previewer-item-wrap\">\n<div id=\"tempid_1710230939844_9\" class=\"J_module\">\n<div class=\"icbu-pc-images\" data-reactroot=\"\">\n<div class=\"flex-layout-v\">\n<div class=\"flex-layout-h\"><img decoding=\"async\" class=\"alignnone size-full wp-image-699\" src=\"http:\/\/tianhongtrailer.com\/wp-content\/uploads\/2024\/03\/3\u3001\u7ec6\u828213.jpg\" alt=\"\" width=\"1060\" height=\"887\" srcset=\"https:\/\/www.tianhongtrailer.com\/wp-content\/uploads\/2024\/03\/3\u3001\u7ec6\u828213.jpg 1060w, https:\/\/www.tianhongtrailer.com\/wp-content\/uploads\/2024\/03\/3\u3001\u7ec6\u828213-300x251.jpg 300w, https:\/\/www.tianhongtrailer.com\/wp-content\/uploads\/2024\/03\/3\u3001\u7ec6\u828213-1024x857.jpg 1024w, https:\/\/www.tianhongtrailer.com\/wp-content\/uploads\/2024\/03\/3\u3001\u7ec6\u828213-768x643.jpg 768w, https:\/\/www.tianhongtrailer.com\/wp-content\/uploads\/2024\/03\/3\u3001\u7ec6\u828213-800x669.jpg 800w\" sizes=\"(max-width: 1060px) 100vw, 1060px\" \/><\/div>\n<\/div>\n<\/div>\n<\/div>\n<\/div>\n<\/div>\n<\/div>\n<div class=\"editor-component-row editor-component-row-relative\">\n<div class=\"editor-component-container\">\n<div class=\"previewer-item-wrap\">\n<div id=\"tempid_1710230939844_10\" class=\"J_module\">\n<h2 id=\"ali-anchor-AliMagic-j7iqbm\" data-section=\"AliMagic-j7iqbm\" data-section-title=\"Company Strength\">\u015eirket G\u00fcc\u00fc<\/h2>\n<\/div>\n<\/div>\n<\/div>\n<\/div>\n<div class=\"editor-component-row editor-component-row-relative\">\n<div class=\"editor-component-container\">\n<div class=\"previewer-item-wrap\">\n<div id=\"tempid_1710230939844_11\" class=\"J_module\">\n<div class=\"icbu-pc-images\" data-reactroot=\"\">\n<div>\n<div class=\"flex-layout-v\">\n<div class=\"flex-layout-h\">\n<div><img decoding=\"async\" src=\"https:\/\/sc04.alicdn.com\/kf\/A54f287d55630453b9cd4a53ba475b27cm\/276502841\/A54f287d55630453b9cd4a53ba475b27cm.jpg\" data-id=\"child-image-0\" \/><\/div>\n<\/div>\n<\/div>\n<\/div>\n<\/div>\n<\/div>\n<\/div>\n<\/div>\n<\/div>\n<div class=\"editor-component-row editor-component-row-relative\">\n<div class=\"editor-component-container\">\n<div class=\"previewer-item-wrap\">\n<div id=\"tempid_1710230939844_12\" class=\"J_module\">\n<div class=\"detail-decorate-json-renderer-container\" data-reactroot=\"\">\n<div>\n<div>\n<div>\n<div>\n<div class=\"preview-edit-text-editor\" data-reactroot=\"\">\n<div id=\"preview-edit-7\" class=\"content-editor\" tabindex=\"1\" contenteditable=\"true\">\n<p>Shandong Tianhong Automotive Technology Co, ltd 2010 y\u0131l\u0131nda kurulmu\u015f ve \u00c7in'in en b\u00fcy\u00fck \u00d6zel Ara\u00e7 \u00fcretim \u00fcss\u00fc Liangshan, Shandong eyaleti \u00c7in'de bulunmaktad\u0131r. Genel yat\u0131r\u0131m\u0131m\u0131z 40.000.000 dolar ve 150.000 metrekareden fazla bir fabrika alan\u0131m\u0131z, 210 \u00e7al\u0131\u015fan\u0131m\u0131z var. \u015eirket g\u00fc\u00e7l\u00fcd\u00fcr ve profesyonel bir tasar\u0131m ve \u00fcretim ekibinin yan\u0131 s\u0131ra sat\u0131\u015f sonras\u0131 bir ekibe sahiptir.<\/p>\n<div>Size tatmin edici \u00fcr\u00fcnler sunmak ve birlikte bir kazan-kazan gelece\u011fi elde etmek i\u00e7in sizinle i\u015fbirli\u011fi yapmay\u0131 d\u00f6rt g\u00f6zle bekliyoruz.<\/div>\n<\/div>\n<\/div>\n<\/div>\n<\/div>\n<\/div>\n<\/div>\n<\/div>\n<\/div>\n<\/div>\n<\/div>\n<\/div>\n<div class=\"editor-component-row editor-component-row-relative\">\n<div class=\"editor-component-container\">\n<div class=\"previewer-item-wrap\">\n<div id=\"tempid_1710230939844_13\" class=\"J_module\">\n<div class=\"icbu-pc-images\" data-reactroot=\"\">\n<div>\n<div class=\"flex-layout-v\">\n<div class=\"flex-layout-h\">\n<div><img decoding=\"async\" src=\"https:\/\/sc04.alicdn.com\/kf\/A62607009376a4131a738068f85d506701\/276502841\/A62607009376a4131a738068f85d506701.jpg\" data-id=\"child-image-0\" \/><\/div>\n<\/div>\n<\/div>\n<\/div>\n<\/div>\n<\/div>\n<\/div>\n<\/div>\n<\/div>\n<div class=\"editor-component-row editor-component-row-relative\">\n<div class=\"editor-component-container\">\n<div class=\"previewer-item-wrap\">\n<div id=\"tempid_1710230939844_14\" class=\"J_module\">\n<div class=\"icbu-pc-images\" data-reactroot=\"\">\n<div>\n<div class=\"flex-layout-v\">\n<div class=\"flex-layout-h\">\n<div><img loading=\"lazy\" decoding=\"async\" class=\"\" src=\"https:\/\/sc04.alicdn.com\/kf\/A9d9e8c29351c4d478cd36130532f0780G\/276502841\/A9d9e8c29351c4d478cd36130532f0780G.jpg\" width=\"1112\" height=\"704\" data-id=\"child-image-0\" \/><\/div>\n<\/div>\n<\/div>\n<\/div>\n<\/div>\n<\/div>\n<\/div>\n<\/div>\n<\/div>\n<\/div>\n<\/div>\n<\/div>","protected":false},"excerpt":{"rendered":"<p>Product Display Pre-sale 1. Support customers to visit the factory 2. Supports multiple payment methods such as TT, LC, etc. 3. Sufficient inventory 4. Experienced professional sales team Sale 1. Visualization of the production process 2. Visualization of packaging process 3. Transportation After-sales process visualization 1. One-year warranty service 2.Enjoy lifetime VIP service 3. Old [&hellip;]<\/p>","protected":false},"featured_media":705,"comment_status":"open","ping_status":"closed","template":"","meta":[],"product_cat":[35],"product_tag":[],"_links":{"self":[{"href":"https:\/\/www.tianhongtrailer.com\/tr\/wp-json\/wp\/v2\/product\/696"}],"collection":[{"href":"https:\/\/www.tianhongtrailer.com\/tr\/wp-json\/wp\/v2\/product"}],"about":[{"href":"https:\/\/www.tianhongtrailer.com\/tr\/wp-json\/wp\/v2\/types\/product"}],"replies":[{"embeddable":true,"href":"https:\/\/www.tianhongtrailer.com\/tr\/wp-json\/wp\/v2\/comments?post=696"}],"wp:featuredmedia":[{"embeddable":true,"href":"https:\/\/www.tianhongtrailer.com\/tr\/wp-json\/wp\/v2\/media\/705"}],"wp:attachment":[{"href":"https:\/\/www.tianhongtrailer.com\/tr\/wp-json\/wp\/v2\/media?parent=696"}],"wp:term":[{"taxonomy":"product_cat","embeddable":true,"href":"https:\/\/www.tianhongtrailer.com\/tr\/wp-json\/wp\/v2\/product_cat?post=696"},{"taxonomy":"product_tag","embeddable":true,"href":"https:\/\/www.tianhongtrailer.com\/tr\/wp-json\/wp\/v2\/product_tag?post=696"}],"curies":[{"name":"wp","href":"https:\/\/api.w.org\/{rel}","templated":true}]}}