{"id":80,"date":"2024-02-27T01:29:40","date_gmt":"2024-02-27T01:29:40","guid":{"rendered":"https:\/\/tianhongtrailer.com\/?page_id=80"},"modified":"2024-03-29T09:42:46","modified_gmt":"2024-03-29T09:42:46","slug":"about-us","status":"publish","type":"page","link":"https:\/\/www.tianhongtrailer.com\/pt\/about-us\/","title":{"rendered":"SOBRE N\u00d3S"},"content":{"rendered":"<div data-elementor-type=\"wp-page\" data-elementor-id=\"80\" class=\"elementor elementor-80\" data-elementor-post-type=\"page\">\n\t\t\t\t<div class=\"elementor-element elementor-element-0488069 e-flex e-con-boxed e-con e-parent\" data-id=\"0488069\" data-element_type=\"container\" data-settings=\"{&quot;content_width&quot;:&quot;boxed&quot;}\" data-core-v316-plus=\"true\">\n\t\t\t\t\t<div class=\"e-con-inner\">\n\t\t\t\t<div class=\"elementor-element elementor-element-3ba8c74 elementor--h-position-center elementor--v-position-middle elementor-arrows-position-inside elementor-pagination-position-inside elementor-widget elementor-widget-slides\" data-id=\"3ba8c74\" data-element_type=\"widget\" data-settings=\"{&quot;navigation&quot;:&quot;both&quot;,&quot;autoplay&quot;:&quot;yes&quot;,&quot;pause_on_hover&quot;:&quot;yes&quot;,&quot;pause_on_interaction&quot;:&quot;yes&quot;,&quot;autoplay_speed&quot;:5000,&quot;infinite&quot;:&quot;yes&quot;,&quot;transition&quot;:&quot;slide&quot;,&quot;transition_speed&quot;:500}\" data-widget_type=\"slides.default\">\n\t\t\t\t<div class=\"elementor-widget-container\">\n\t\t\t<style>\/*! elementor-pro - v3.15.0 - 31-07-2023 *\/\n.elementor-slides .swiper-slide-bg{background-size:cover;background-position:50%;background-repeat:no-repeat;min-width:100%;min-height:100%}.elementor-slides .swiper-slide-inner{background-repeat:no-repeat;background-position:50%;position:absolute;top:0;left:0;bottom:0;right:0;padding:50px;margin:auto}.elementor-slides .swiper-slide-inner,.elementor-slides .swiper-slide-inner:hover{color:#fff;display:flex}.elementor-slides .swiper-slide-inner .elementor-background-overlay{position:absolute;z-index:0;top:0;bottom:0;left:0;right:0}.elementor-slides .swiper-slide-inner .elementor-slide-content{position:relative;z-index:1;width:100%}.elementor-slides .swiper-slide-inner .elementor-slide-heading{font-size:35px;font-weight:700;line-height:1}.elementor-slides .swiper-slide-inner .elementor-slide-description{font-size:17px;line-height:1.4}.elementor-slides .swiper-slide-inner .elementor-slide-description:not(:last-child),.elementor-slides .swiper-slide-inner .elementor-slide-heading:not(:last-child){margin-bottom:30px}.elementor-slides .swiper-slide-inner .elementor-slide-button{border:2px solid #fff;color:#fff;background:transparent;display:inline-block}.elementor-slides .swiper-slide-inner .elementor-slide-button,.elementor-slides .swiper-slide-inner .elementor-slide-button:hover{background:transparent;color:inherit;text-decoration:none}.elementor--v-position-top .swiper-slide-inner{align-items:flex-start}.elementor--v-position-bottom .swiper-slide-inner{align-items:flex-end}.elementor--v-position-middle .swiper-slide-inner{align-items:center}.elementor--h-position-left .swiper-slide-inner{justify-content:flex-start}.elementor--h-position-right .swiper-slide-inner{justify-content:flex-end}.elementor--h-position-center .swiper-slide-inner{justify-content:center}body.rtl .elementor-widget-slides .elementor-swiper-button-next{left:10px;right:auto}body.rtl .elementor-widget-slides .elementor-swiper-button-prev{right:10px;left:auto}.elementor-slides-wrapper div:not(.swiper-slide)>.swiper-slide-inner{display:none}@media (max-width:767px){.elementor-slides .swiper-slide-inner{padding:30px}.elementor-slides .swiper-slide-inner .elementor-slide-heading{font-size:23px;line-height:1;margin-bottom:15px}.elementor-slides .swiper-slide-inner .elementor-slide-description{font-size:13px;line-height:1.4;margin-bottom:15px}}<\/style>\t\t<div class=\"elementor-swiper\">\n\t\t\t<div class=\"elementor-slides-wrapper elementor-main-swiper swiper\" dir=\"ltr\" data-animation=\"fadeInUp\">\n\t\t\t\t<div class=\"swiper-wrapper elementor-slides\">\n\t\t\t\t\t\t\t\t\t\t<div class=\"elementor-repeater-item-a0a9620 swiper-slide\"><div class=\"swiper-slide-bg\" role=\"img\"><\/div><div class=\"swiper-slide-inner\" ><div class=\"swiper-slide-contents\"><\/div><\/div><\/div>\t\t\t\t<\/div>\n\t\t\t\t\t\t\t<\/div>\n\t\t<\/div>\n\t\t\t\t<\/div>\n\t\t\t\t<\/div>\n\t\t\t\t\t<\/div>\n\t\t\t\t<\/div>\n\t\t<div class=\"elementor-element elementor-element-2e22424 e-flex e-con-boxed e-con e-parent\" data-id=\"2e22424\" data-element_type=\"container\" data-settings=\"{&quot;content_width&quot;:&quot;boxed&quot;}\" data-core-v316-plus=\"true\">\n\t\t\t\t\t<div class=\"e-con-inner\">\n\t\t<div class=\"elementor-element elementor-element-3ba6764 e-flex e-con-boxed e-con e-child\" data-id=\"3ba6764\" data-element_type=\"container\" data-settings=\"{&quot;content_width&quot;:&quot;boxed&quot;}\">\n\t\t\t\t\t<div class=\"e-con-inner\">\n\t\t\t\t<div class=\"elementor-element elementor-element-ed3bab4 elementor-widget elementor-widget-heading\" data-id=\"ed3bab4\" data-element_type=\"widget\" data-widget_type=\"heading.default\">\n\t\t\t\t<div class=\"elementor-widget-container\">\n\t\t\t<style>\/*! elementor - v3.19.0 - 07-02-2024 *\/\n.elementor-heading-title{padding:0;margin:0;line-height:1}.elementor-widget-heading .elementor-heading-title[class*=elementor-size-]>a{color:inherit;font-size:inherit;line-height:inherit}.elementor-widget-heading .elementor-heading-title.elementor-size-small{font-size:15px}.elementor-widget-heading .elementor-heading-title.elementor-size-medium{font-size:19px}.elementor-widget-heading .elementor-heading-title.elementor-size-large{font-size:29px}.elementor-widget-heading .elementor-heading-title.elementor-size-xl{font-size:39px}.elementor-widget-heading .elementor-heading-title.elementor-size-xxl{font-size:59px}<\/style><p class=\"elementor-heading-title elementor-size-default\">A Shandong Tianhong Automotive Technology Co.,ltd foi fundada em 2010 e est\u00e1 localizada na maior base de produ\u00e7\u00e3o de ve\u00edculos especiais da China, Liangshan, prov\u00edncia de Shandong, na China. Temos um investimento geral de 40 milh\u00f5es de d\u00f3lares e uma \u00e1rea de f\u00e1brica de mais de 150.000 metros quadrados, com 210 funcion\u00e1rios.<br><br>A Shandong Tianhong Automotive Technology Co.,ltd tem recursos financeiros abundantes. Como um fornecedor profissional de semirreboques, somos especializados em reboques de carga normal, como reboque de cont\u00eainer de plataforma plana, reboque basculante, reboque de plataforma baixa, reboques para fins especiais etc. Todos os produtos s\u00e3o exportados para o Sudeste Asi\u00e1tico, Oriente M\u00e9dio, \u00c1frica, Am\u00e9rica do Sul, R\u00fassia, Cazaquist\u00e3o, mercado do Uzbequist\u00e3o etc. e tamb\u00e9m gozam de \u00f3tima reputa\u00e7\u00e3o. Temos equipes excelentes que se concentram no desenvolvimento e no design de produtos, no controle e na inspe\u00e7\u00e3o de qualidade e na administra\u00e7\u00e3o da empresa. Para fornecer produtos e servi\u00e7os satisfat\u00f3rios, criamos um moderno sistema de gerenciamento de qualidade que est\u00e1 em estrita conformidade com os padr\u00f5es internacionais. Al\u00e9m disso, devido aos grandes mercados estrangeiros, a maioria dos nossos produtos tem certificados de qualidade IS09001-2000 CCC, CE e OTTC. Se tiver novas ideias ou conceitos para os produtos, entre em contato conosco. Tamb\u00e9m aceitamos pedidos de OEM e ODM. Seja para selecionar um produto atual de nosso cat\u00e1logo ou para obter assist\u00eancia de engenharia para sua aplica\u00e7\u00e3o, voc\u00ea pode falar com nosso centro de atendimento ao cliente sobre suas necessidades de fornecimento.<br><br>Temos o prazer de trabalhar em conjunto com voc\u00ea e, finalmente, oferecer-lhe produtos satisfat\u00f3rios para alcan\u00e7armos um futuro de vit\u00f3rias em conjunto.<\/p>\t\t<\/div>\n\t\t\t\t<\/div>\n\t\t\t\t\t<\/div>\n\t\t\t\t<\/div>\n\t\t\t\t\t<\/div>\n\t\t\t\t<\/div>\n\t\t<div class=\"elementor-element elementor-element-bbaf9ec e-flex e-con-boxed e-con e-parent\" data-id=\"bbaf9ec\" data-element_type=\"container\" data-settings=\"{&quot;content_width&quot;:&quot;boxed&quot;}\" data-core-v316-plus=\"true\">\n\t\t\t\t\t<div class=\"e-con-inner\">\n\t\t\t\t<div class=\"elementor-element elementor-element-52d641a elementor-widget elementor-widget-image\" data-id=\"52d641a\" data-element_type=\"widget\" data-widget_type=\"image.default\">\n\t\t\t\t<div class=\"elementor-widget-container\">\n\t\t\t<style>\/*! elementor - v3.19.0 - 07-02-2024 *\/\n.elementor-widget-image{text-align:center}.elementor-widget-image a{display:inline-block}.elementor-widget-image a img[src$=\".svg\"]{width:48px}.elementor-widget-image img{vertical-align:middle;display:inline-block}<\/style>\t\t\t\t\t\t\t\t\t\t<img fetchpriority=\"high\" decoding=\"async\" width=\"800\" height=\"506\" src=\"https:\/\/www.tianhongtrailer.com\/wp-content\/uploads\/2024\/03\/\u5b9e\u529b-27-1024x648.jpg\" class=\"attachment-large size-large wp-image-957\" alt=\"\" srcset=\"https:\/\/www.tianhongtrailer.com\/wp-content\/uploads\/2024\/03\/\u5b9e\u529b-27-1024x648.jpg 1024w, https:\/\/www.tianhongtrailer.com\/wp-content\/uploads\/2024\/03\/\u5b9e\u529b-27-300x190.jpg 300w, https:\/\/www.tianhongtrailer.com\/wp-content\/uploads\/2024\/03\/\u5b9e\u529b-27-768x486.jpg 768w, https:\/\/www.tianhongtrailer.com\/wp-content\/uploads\/2024\/03\/\u5b9e\u529b-27-800x506.jpg 800w, https:\/\/www.tianhongtrailer.com\/wp-content\/uploads\/2024\/03\/\u5b9e\u529b-27.jpg 1060w\" sizes=\"(max-width: 800px) 100vw, 800px\" \/>\t\t\t\t\t\t\t\t\t\t\t\t\t<\/div>\n\t\t\t\t<\/div>\n\t\t\t\t\t<\/div>\n\t\t\t\t<\/div>\n\t\t<div class=\"elementor-element elementor-element-12df18f e-flex e-con-boxed e-con e-parent\" data-id=\"12df18f\" data-element_type=\"container\" data-settings=\"{&quot;content_width&quot;:&quot;boxed&quot;}\" data-core-v316-plus=\"true\">\n\t\t\t\t\t<div class=\"e-con-inner\">\n\t\t\t\t<div class=\"elementor-element elementor-element-56af6ed elementor-widget elementor-widget-image\" data-id=\"56af6ed\" data-element_type=\"widget\" data-widget_type=\"image.default\">\n\t\t\t\t<div class=\"elementor-widget-container\">\n\t\t\t\t\t\t\t\t\t\t\t\t\t<img decoding=\"async\" width=\"800\" height=\"430\" src=\"https:\/\/www.tianhongtrailer.com\/wp-content\/uploads\/2024\/03\/5\u3001\u8d44\u8d287-1024x550.jpg\" class=\"attachment-large size-large wp-image-961\" alt=\"\" srcset=\"https:\/\/www.tianhongtrailer.com\/wp-content\/uploads\/2024\/03\/5\u3001\u8d44\u8d287-1024x550.jpg 1024w, https:\/\/www.tianhongtrailer.com\/wp-content\/uploads\/2024\/03\/5\u3001\u8d44\u8d287-300x161.jpg 300w, https:\/\/www.tianhongtrailer.com\/wp-content\/uploads\/2024\/03\/5\u3001\u8d44\u8d287-768x412.jpg 768w, https:\/\/www.tianhongtrailer.com\/wp-content\/uploads\/2024\/03\/5\u3001\u8d44\u8d287-1536x825.jpg 1536w, https:\/\/www.tianhongtrailer.com\/wp-content\/uploads\/2024\/03\/5\u3001\u8d44\u8d287-2048x1100.jpg 2048w, https:\/\/www.tianhongtrailer.com\/wp-content\/uploads\/2024\/03\/5\u3001\u8d44\u8d287-800x430.jpg 800w\" sizes=\"(max-width: 800px) 100vw, 800px\" \/>\t\t\t\t\t\t\t\t\t\t\t\t\t<\/div>\n\t\t\t\t<\/div>\n\t\t\t\t\t<\/div>\n\t\t\t\t<\/div>\n\t\t\t\t<\/div>","protected":false},"excerpt":{"rendered":"<p>A Shandong Tianhong Automotive Technology Co.,ltd foi fundada em 2010 e est\u00e1 localizada na maior base de produ\u00e7\u00e3o de ve\u00edculos especiais da China, Liangshan, prov\u00edncia de Shandong, na China. Temos um investimento geral de 40 milh\u00f5es de d\u00f3lares e uma \u00e1rea de f\u00e1brica de mais de 150.000 metros quadrados, com 210 funcion\u00e1rios. A Shandong Tianhong Automotive Technology Co., ltd tem recursos financeiros abundantes. Como uma [...]<\/p>","protected":false},"author":1,"featured_media":0,"parent":0,"menu_order":0,"comment_status":"closed","ping_status":"closed","template":"","meta":{"footnotes":""},"_links":{"self":[{"href":"https:\/\/www.tianhongtrailer.com\/pt\/wp-json\/wp\/v2\/pages\/80"}],"collection":[{"href":"https:\/\/www.tianhongtrailer.com\/pt\/wp-json\/wp\/v2\/pages"}],"about":[{"href":"https:\/\/www.tianhongtrailer.com\/pt\/wp-json\/wp\/v2\/types\/page"}],"author":[{"embeddable":true,"href":"https:\/\/www.tianhongtrailer.com\/pt\/wp-json\/wp\/v2\/users\/1"}],"replies":[{"embeddable":true,"href":"https:\/\/www.tianhongtrailer.com\/pt\/wp-json\/wp\/v2\/comments?post=80"}],"version-history":[{"count":25,"href":"https:\/\/www.tianhongtrailer.com\/pt\/wp-json\/wp\/v2\/pages\/80\/revisions"}],"predecessor-version":[{"id":964,"href":"https:\/\/www.tianhongtrailer.com\/pt\/wp-json\/wp\/v2\/pages\/80\/revisions\/964"}],"wp:attachment":[{"href":"https:\/\/www.tianhongtrailer.com\/pt\/wp-json\/wp\/v2\/media?parent=80"}],"curies":[{"name":"wp","href":"https:\/\/api.w.org\/{rel}","templated":true}]}}