{"id":1543,"date":"2024-04-26T09:19:24","date_gmt":"2024-04-26T09:19:24","guid":{"rendered":"https:\/\/tianhongtrailer.com\/?post_type=product&#038;p=1543"},"modified":"2024-04-26T09:20:02","modified_gmt":"2024-04-26T09:20:02","slug":"lowbed-low-bed-truck-trailer-manufacturer","status":"publish","type":"product","link":"https:\/\/www.tianhongtrailer.com\/fr\/produit\/lowbed-low-bed-truck-trailer-manufacturer\/","title":{"rendered":"Remorque de camion surbaiss\u00e9e Fabricant de remorques de camion surbaiss\u00e9es"},"content":{"rendered":"<div class=\"editor-header\"><img fetchpriority=\"high\" decoding=\"async\" class=\"alignnone wp-image-646 size-full\" src=\"http:\/\/tianhongtrailer.com\/wp-content\/uploads\/2024\/03\/\u5e73\u677f-banner7.jpg\" alt=\"\" width=\"1060\" height=\"416\" srcset=\"https:\/\/www.tianhongtrailer.com\/wp-content\/uploads\/2024\/03\/\u5e73\u677f-banner7.jpg 1060w, https:\/\/www.tianhongtrailer.com\/wp-content\/uploads\/2024\/03\/\u5e73\u677f-banner7-300x118.jpg 300w, https:\/\/www.tianhongtrailer.com\/wp-content\/uploads\/2024\/03\/\u5e73\u677f-banner7-1024x402.jpg 1024w, https:\/\/www.tianhongtrailer.com\/wp-content\/uploads\/2024\/03\/\u5e73\u677f-banner7-768x301.jpg 768w, https:\/\/www.tianhongtrailer.com\/wp-content\/uploads\/2024\/03\/\u5e73\u677f-banner7-800x314.jpg 800w\" sizes=\"(max-width: 1060px) 100vw, 1060px\" \/><\/div>\n<div class=\"main-content\">\n<div class=\"container-right\">\n<div id=\"detail_decorate_root\">\n<div class=\"editor-plugin-canvas\">\n<div class=\"render-engien-app\">\n<div class=\"editor-component-row editor-component-row-relative\">\n<div class=\"editor-component-container\">\n<div class=\"previewer-item-wrap\">\n<div id=\"tempid_1710230939844_2\" class=\"J_module\">\n<h2 id=\"ali-anchor-AliMagic-m5csi6\" data-section=\"AliMagic-m5csi6\" data-section-title=\"Product Display\">Pr\u00e9sentoir de produits<\/h2>\n<\/div>\n<\/div>\n<\/div>\n<\/div>\n<div class=\"editor-component-row editor-component-row-relative\">\n<div class=\"editor-component-container\">\n<div class=\"previewer-item-wrap\">\n<div id=\"tempid_1710230939844_3\" class=\"J_module\">\n<div class=\"icbu-pc-images\" data-reactroot=\"\">\n<div class=\"flex-layout-v\">\n<div class=\"flex-layout-h\"><img decoding=\"async\" class=\"alignnone wp-image-647 size-full\" src=\"http:\/\/tianhongtrailer.com\/wp-content\/uploads\/2024\/03\/\u957f\u56fe7.jpg\" alt=\"\" width=\"1060\" height=\"1202\" srcset=\"https:\/\/www.tianhongtrailer.com\/wp-content\/uploads\/2024\/03\/\u957f\u56fe7.jpg 1060w, https:\/\/www.tianhongtrailer.com\/wp-content\/uploads\/2024\/03\/\u957f\u56fe7-265x300.jpg 265w, https:\/\/www.tianhongtrailer.com\/wp-content\/uploads\/2024\/03\/\u957f\u56fe7-903x1024.jpg 903w, https:\/\/www.tianhongtrailer.com\/wp-content\/uploads\/2024\/03\/\u957f\u56fe7-768x871.jpg 768w, https:\/\/www.tianhongtrailer.com\/wp-content\/uploads\/2024\/03\/\u957f\u56fe7-800x907.jpg 800w\" sizes=\"(max-width: 1060px) 100vw, 1060px\" \/><\/div>\n<\/div>\n<\/div>\n<\/div>\n<\/div>\n<div class=\"editor-component-container-mask\"><\/div>\n<\/div>\n<\/div>\n<div class=\"editor-component-row editor-component-row-relative\">\n<div class=\"editor-component-container\">\n<div class=\"previewer-item-wrap\">\n<div id=\"tempid_1710230939844_4\" class=\"J_module\">\n<div class=\"detail-decorate-json-renderer-container\" data-reactroot=\"\">\n<div class=\"preview-edit-text-editor\" data-reactroot=\"\">\n<div id=\"preview-edit-1\" class=\"content-editor\" tabindex=\"1\" contenteditable=\"true\">\n<div>\n<div>\n<div class=\"preview-edit-text-editor\" data-reactroot=\"\">\n<div id=\"preview-edit-1\" class=\"content-editor\" tabindex=\"1\" contenteditable=\"true\"><span style=\"color: #eb3419;\">Pr\u00e9vente<\/span><\/div>\n<\/div>\n<\/div>\n<div>\n<div data-id=\"paragraph0\">\n<div class=\"preview-edit-text-editor\" data-reactroot=\"\">\n<div id=\"preview-edit-2\" class=\"content-editor\" tabindex=\"1\" contenteditable=\"true\">1. Permet aux clients de visiter l'usine 2. Prise en charge de plusieurs m\u00e9thodes de paiement telles que TT, LC, etc. 3. Stock suffisant 4. \u00c9quipe de vente professionnelle exp\u00e9riment\u00e9e<\/div>\n<\/div>\n<\/div>\n<\/div>\n<\/div>\n<div>\n<div>\n<div class=\"preview-edit-text-editor\" data-reactroot=\"\">\n<div id=\"preview-edit-3\" class=\"content-editor\" tabindex=\"1\" contenteditable=\"true\"><span style=\"color: #eb3419;\">Vente<\/span><\/div>\n<\/div>\n<\/div>\n<div>\n<div data-id=\"paragraph1\">\n<div class=\"preview-edit-text-editor\" data-reactroot=\"\">\n<div id=\"preview-edit-4\" class=\"content-editor\" tabindex=\"1\" contenteditable=\"true\">1. Visualisation du processus de production 2. Visualisation du processus d'emballage 3. Transport<\/div>\n<\/div>\n<\/div>\n<\/div>\n<\/div>\n<div>\n<div>\n<div class=\"preview-edit-text-editor\" data-reactroot=\"\">\n<div id=\"preview-edit-5\" class=\"content-editor\" tabindex=\"1\" contenteditable=\"true\"><span style=\"color: #eb3419;\">Visualisation du processus apr\u00e8s-vente<\/span><\/div>\n<\/div>\n<\/div>\n<div>\n<div data-id=\"paragraph2\">\n<div class=\"preview-edit-text-editor\" data-reactroot=\"\">\n<div id=\"preview-edit-6\" class=\"content-editor\" tabindex=\"1\" contenteditable=\"true\">1. Service de garantie d'un an 2. service VIP \u00e0 vie 3. Les anciens clients peuvent b\u00e9n\u00e9ficier de remises importantes.<\/div>\n<\/div>\n<\/div>\n<\/div>\n<\/div>\n<\/div>\n<\/div>\n<\/div>\n<\/div>\n<\/div>\n<h2 class=\"editor-component-container-mask\">Paramenteurs de produits<\/h2>\n<\/div>\n<\/div>\n<div class=\"editor-component-row editor-component-row-relative\">\n<div class=\"editor-component-container\">\n<div class=\"previewer-item-wrap\">\n<div id=\"tempid_1710230939844_6\" class=\"J_module\">\n<div class=\"icbu-pc-images\" data-reactroot=\"\">\n<div>\n<div class=\"flex-layout-v\">\n<div class=\"flex-layout-h\">\n<div><img decoding=\"async\" src=\"https:\/\/sc04.alicdn.com\/kf\/A3cb0873c96ed45e883f69abd1ef01b73T\/276502841\/A3cb0873c96ed45e883f69abd1ef01b73T.jpg\" data-id=\"child-image-0\" \/><\/div>\n<\/div>\n<\/div>\n<\/div>\n<\/div>\n<\/div>\n<\/div>\n<\/div>\n<\/div>\n<div class=\"editor-component-row editor-component-row-relative\">\n<div class=\"editor-component-container\">\n<div class=\"previewer-item-wrap\">\n<div id=\"tempid_1710230939844_7\" class=\"J_module\">\n<div class=\"ife-detail-decorate-table\" data-reactroot=\"\">\n<table class=\"easy-table\" style=\"height: 318px;\" tabindex=\"1\" contenteditable=\"false\" width=\"1051\" data-widget-cid=\"widget-0\">\n<tbody>\n<tr>\n<td>\n<div class=\"easy-table-content\" data-role=\"cellContent\">\n<div class=\"easy-table-editor\" data-role=\"cellEditor\"><b>Nom du produit<\/b><\/div>\n<\/div>\n<div class=\"easy-table-dragger-col\" data-role=\"colDragger\" data-control-cid=\"control-0\"><\/div>\n<\/td>\n<td>\n<div class=\"easy-table-content\" data-role=\"cellContent\">\n<div class=\"easy-table-editor\" data-role=\"cellEditor\">Semi-remorque surbaiss\u00e9e<\/div>\n<\/div>\n<div class=\"easy-table-dragger-col\" data-role=\"colDragger\" data-control-cid=\"control-0\"><\/div>\n<\/td>\n<td>\n<div class=\"easy-table-content\" data-role=\"cellContent\">\n<div class=\"easy-table-editor\" data-role=\"cellEditor\"><b data-spm-anchor-id=\"a2700.pc-decorate.0.i20.5f5a3333yO21EO\">Capacit\u00e9<\/b><\/div>\n<\/div>\n<div class=\"easy-table-dragger-col\" data-role=\"colDragger\" data-control-cid=\"control-0\"><\/div>\n<\/td>\n<td>\n<div class=\"easy-table-content\" data-role=\"cellContent\">\n<div class=\"easy-table-editor\" data-role=\"cellEditor\">60T<\/div>\n<\/div>\n<div class=\"easy-table-dragger-col\" data-role=\"colDragger\" data-control-cid=\"control-0\"><\/div>\n<\/td>\n<\/tr>\n<tr>\n<td>\n<div class=\"easy-table-content\" data-role=\"cellContent\">\n<div class=\"easy-table-editor\" data-role=\"cellEditor\"><b>Marque<\/b><\/div>\n<\/div>\n<div class=\"easy-table-dragger-col\" data-role=\"colDragger\" data-control-cid=\"control-0\"><\/div>\n<\/td>\n<td>\n<div class=\"easy-table-content\" data-role=\"cellContent\">\n<div class=\"easy-table-editor\" data-role=\"cellEditor\">RHINOSTRONG<\/div>\n<\/div>\n<div class=\"easy-table-dragger-col\" data-role=\"colDragger\" data-control-cid=\"control-0\"><\/div>\n<\/td>\n<td>\n<div class=\"easy-table-content\" data-role=\"cellContent\">\n<div class=\"easy-table-editor\" data-role=\"cellEditor\"><b>Couleur<\/b><\/div>\n<\/div>\n<div class=\"easy-table-dragger-col\" data-role=\"colDragger\" data-control-cid=\"control-0\"><\/div>\n<\/td>\n<td>\n<div class=\"easy-table-content\" data-role=\"cellContent\">\n<div class=\"easy-table-editor\" data-role=\"cellEditor\">Jaune\/Rouge<\/div>\n<\/div>\n<div class=\"easy-table-dragger-col\" data-role=\"colDragger\" data-control-cid=\"control-0\"><\/div>\n<\/td>\n<\/tr>\n<tr>\n<td>\n<div class=\"easy-table-content\" data-role=\"cellContent\">\n<div class=\"easy-table-editor\" data-role=\"cellEditor\"><b>Essieu<\/b><\/div>\n<\/div>\n<div class=\"easy-table-dragger-col\" data-role=\"colDragger\" data-control-cid=\"control-0\"><\/div>\n<\/td>\n<td>\n<div class=\"easy-table-content\" data-role=\"cellContent\">\n<div class=\"easy-table-editor\" data-role=\"cellEditor\">Fuwa<\/div>\n<\/div>\n<div class=\"easy-table-dragger-col\" data-role=\"colDragger\" data-control-cid=\"control-0\"><\/div>\n<\/td>\n<td>\n<div class=\"easy-table-content\" data-role=\"cellContent\">\n<div class=\"easy-table-editor\" data-role=\"cellEditor\"><b>Lieu du produit<\/b><\/div>\n<\/div>\n<div class=\"easy-table-dragger-col\" data-role=\"colDragger\" data-control-cid=\"control-0\"><\/div>\n<\/td>\n<td>\n<div class=\"easy-table-content\" data-role=\"cellContent\">\n<div class=\"easy-table-editor\" data-role=\"cellEditor\">Province de Guangdong, Chine<\/div>\n<\/div>\n<div class=\"easy-table-dragger-col\" data-role=\"colDragger\" data-control-cid=\"control-0\"><\/div>\n<\/td>\n<\/tr>\n<tr>\n<td>\n<div class=\"easy-table-content\" data-role=\"cellContent\">\n<div class=\"easy-table-editor\" data-role=\"cellEditor\"><b>Train d'atterrissage<\/b><\/div>\n<\/div>\n<div class=\"easy-table-dragger-col\" data-role=\"colDragger\" data-control-cid=\"control-0\"><\/div>\n<\/td>\n<td>\n<div class=\"easy-table-content\" data-role=\"cellContent\">\n<div class=\"easy-table-editor\" data-role=\"cellEditor\">Marque YaHua<\/div>\n<\/div>\n<div class=\"easy-table-dragger-col\" data-role=\"colDragger\" data-control-cid=\"control-0\"><\/div>\n<\/td>\n<td>\n<div class=\"easy-table-content\" data-role=\"cellContent\">\n<div class=\"easy-table-editor\" data-role=\"cellEditor\"><b>Goupille royale<\/b><\/div>\n<\/div>\n<div class=\"easy-table-dragger-col\" data-role=\"colDragger\" data-control-cid=\"control-0\"><\/div>\n<\/td>\n<td>\n<div class=\"easy-table-content\" data-role=\"cellContent\">\n<div class=\"easy-table-editor\" data-role=\"cellEditor\">50#\/90#<\/div>\n<\/div>\n<div class=\"easy-table-dragger-col\" data-role=\"colDragger\" data-control-cid=\"control-0\"><\/div>\n<\/td>\n<\/tr>\n<tr>\n<td>\n<div class=\"easy-table-content\" data-role=\"cellContent\">\n<div class=\"easy-table-editor\" data-role=\"cellEditor\"><b>Taille<\/b><\/div>\n<\/div>\n<div class=\"easy-table-dragger-col\" data-role=\"colDragger\" data-control-cid=\"control-0\"><\/div>\n<\/td>\n<td>\n<div class=\"easy-table-content\" data-role=\"cellContent\">\n<div class=\"easy-table-editor\" data-role=\"cellEditor\">12500*2550*1550mm<\/div>\n<\/div>\n<div class=\"easy-table-dragger-col\" data-role=\"colDragger\" data-control-cid=\"control-0\"><\/div>\n<\/td>\n<td>\n<div class=\"easy-table-content\" data-role=\"cellContent\">\n<div class=\"easy-table-editor\" data-role=\"cellEditor\"><b>Pneu<\/b><\/div>\n<\/div>\n<div class=\"easy-table-dragger-col\" data-role=\"colDragger\" data-control-cid=\"control-0\"><\/div>\n<\/td>\n<td>\n<div class=\"easy-table-content\" data-role=\"cellContent\">\n<div class=\"easy-table-editor\" data-role=\"cellEditor\">12.00R22.5<\/div>\n<\/div>\n<div class=\"easy-table-dragger-col\" data-role=\"colDragger\" data-control-cid=\"control-0\"><\/div>\n<\/td>\n<\/tr>\n<\/tbody>\n<\/table>\n<\/div>\n<\/div>\n<\/div>\n<\/div>\n<\/div>\n<\/div>\n<\/div>\n<div class=\"editor-component-row editor-component-row-relative\">\n<div class=\"editor-component-container\">\n<div class=\"previewer-item-wrap\">\n<div id=\"tempid_1710230939844_8\" class=\"J_module\">\n<h2 id=\"ali-anchor-AliMagic-mden2t\" data-section=\"AliMagic-mden2t\" data-section-title=\"Details Images\">Images d\u00e9taill\u00e9es<\/h2>\n<\/div>\n<\/div>\n<\/div>\n<\/div>\n<div class=\"editor-component-row editor-component-row-relative\">\n<div class=\"editor-component-container\">\n<div class=\"previewer-item-wrap\">\n<div id=\"tempid_1710230939844_9\" class=\"J_module\">\n<div class=\"icbu-pc-images\" data-reactroot=\"\">\n<div class=\"flex-layout-v\">\n<div class=\"flex-layout-h\"><img decoding=\"async\" class=\"alignnone wp-image-648 size-full\" src=\"http:\/\/tianhongtrailer.com\/wp-content\/uploads\/2024\/03\/\u7ec6\u82827.jpg\" alt=\"\" width=\"1060\" height=\"903\" srcset=\"https:\/\/www.tianhongtrailer.com\/wp-content\/uploads\/2024\/03\/\u7ec6\u82827.jpg 1060w, https:\/\/www.tianhongtrailer.com\/wp-content\/uploads\/2024\/03\/\u7ec6\u82827-300x256.jpg 300w, https:\/\/www.tianhongtrailer.com\/wp-content\/uploads\/2024\/03\/\u7ec6\u82827-1024x872.jpg 1024w, https:\/\/www.tianhongtrailer.com\/wp-content\/uploads\/2024\/03\/\u7ec6\u82827-768x654.jpg 768w, https:\/\/www.tianhongtrailer.com\/wp-content\/uploads\/2024\/03\/\u7ec6\u82827-800x682.jpg 800w\" sizes=\"(max-width: 1060px) 100vw, 1060px\" \/><\/div>\n<\/div>\n<\/div>\n<\/div>\n<\/div>\n<\/div>\n<\/div>\n<div class=\"editor-component-row editor-component-row-relative\">\n<div class=\"editor-component-container\">\n<div class=\"previewer-item-wrap\">\n<div id=\"tempid_1710230939844_10\" class=\"J_module\">\n<h2 id=\"ali-anchor-AliMagic-j7iqbm\" data-section=\"AliMagic-j7iqbm\" data-section-title=\"Company Strength\">Solidit\u00e9 de l'entreprise<\/h2>\n<\/div>\n<\/div>\n<\/div>\n<\/div>\n<div class=\"editor-component-row editor-component-row-relative\">\n<div class=\"editor-component-container\">\n<div class=\"previewer-item-wrap\">\n<div id=\"tempid_1710230939844_11\" class=\"J_module\">\n<div class=\"icbu-pc-images\" data-reactroot=\"\">\n<div>\n<div class=\"flex-layout-v\">\n<div class=\"flex-layout-h\">\n<div><img decoding=\"async\" src=\"https:\/\/sc04.alicdn.com\/kf\/A54f287d55630453b9cd4a53ba475b27cm\/276502841\/A54f287d55630453b9cd4a53ba475b27cm.jpg\" data-id=\"child-image-0\" \/><\/div>\n<\/div>\n<\/div>\n<\/div>\n<\/div>\n<\/div>\n<\/div>\n<\/div>\n<\/div>\n<div class=\"editor-component-row editor-component-row-relative\">\n<div class=\"editor-component-container\">\n<div class=\"previewer-item-wrap\">\n<div id=\"tempid_1710230939844_12\" class=\"J_module\">\n<div class=\"detail-decorate-json-renderer-container\" data-reactroot=\"\">\n<div>\n<div>\n<div>\n<div>\n<div class=\"preview-edit-text-editor\" data-reactroot=\"\">\n<div id=\"preview-edit-7\" class=\"content-editor\" tabindex=\"1\" contenteditable=\"true\">\n<p>Shandong Tianhong Automotive Technology Co.,ltd a \u00e9t\u00e9 fond\u00e9e en 2010 et est situ\u00e9e dans la plus grande base de production de v\u00e9hicules sp\u00e9ciaux de Chine, Liangshan, dans la province de Shandong. Nous avons un investissement g\u00e9n\u00e9ral de 40.000.000 dollars et une surface d'usine de plus de 150.000 m\u00e8tres carr\u00e9s, 210 employ\u00e9s... L'entreprise est forte et dispose d'une \u00e9quipe professionnelle de conception et de production ainsi que d'une \u00e9quipe d'apr\u00e8s-vente.<\/p>\n<div>Nous sommes impatients de coop\u00e9rer avec vous pour vous fournir des produits satisfaisants et pour r\u00e9aliser ensemble un avenir gagnant-gagnant.<\/div>\n<\/div>\n<\/div>\n<\/div>\n<\/div>\n<\/div>\n<\/div>\n<\/div>\n<\/div>\n<\/div>\n<\/div>\n<\/div>\n<div class=\"editor-component-row editor-component-row-relative\">\n<div class=\"editor-component-container\">\n<div class=\"previewer-item-wrap\">\n<div id=\"tempid_1710230939844_13\" class=\"J_module\">\n<div class=\"icbu-pc-images\" data-reactroot=\"\">\n<div>\n<div class=\"flex-layout-v\">\n<div class=\"flex-layout-h\">\n<div><img decoding=\"async\" src=\"https:\/\/sc04.alicdn.com\/kf\/A62607009376a4131a738068f85d506701\/276502841\/A62607009376a4131a738068f85d506701.jpg\" data-id=\"child-image-0\" \/><\/div>\n<\/div>\n<\/div>\n<\/div>\n<\/div>\n<\/div>\n<\/div>\n<\/div>\n<\/div>\n<div class=\"editor-component-row editor-component-row-relative\">\n<div class=\"editor-component-container\">\n<div class=\"previewer-item-wrap\">\n<div id=\"tempid_1710230939844_14\" class=\"J_module\">\n<div class=\"icbu-pc-images\" data-reactroot=\"\">\n<div>\n<div class=\"flex-layout-v\">\n<div class=\"flex-layout-h\">\n<div><img loading=\"lazy\" decoding=\"async\" class=\"\" src=\"https:\/\/sc04.alicdn.com\/kf\/A9d9e8c29351c4d478cd36130532f0780G\/276502841\/A9d9e8c29351c4d478cd36130532f0780G.jpg\" width=\"1112\" height=\"704\" data-id=\"child-image-0\" \/><\/div>\n<\/div>\n<\/div>\n<\/div>\n<\/div>\n<\/div>\n<\/div>\n<\/div>\n<\/div>\n<\/div>\n<\/div>\n<\/div>","protected":false},"excerpt":{"rendered":"<div class=\"product-parameter-one\">\n<div class=\"product-parameter-profile\">\n<p>Ventes directes \u00e0 l'usine, recrutement d'agents, visionnage de vid\u00e9os, service apr\u00e8s-vente localis\u00e9<\/p>\n<p>RHINOSTRONG Vehicle propose des semi-remorques surbaiss\u00e9es con\u00e7ues pour transporter 30 tonnes, 40 tonnes, 60 tonnes, 80 tonnes, 100 tonnes, 120 tonnes, 150 tonnes. La plate-forme de chargement principale est basse, ce qui assure la stabilit\u00e9 du transport.<\/p>\n<\/div>\n<\/div>\n<div class=\"product-parameter-one\">\n<div class=\"product-parameter-text2\">Marque : RHINOSTRONG<\/div>\n<\/div>","protected":false},"featured_media":1430,"comment_status":"open","ping_status":"closed","template":"","meta":[],"product_cat":[22],"product_tag":[],"_links":{"self":[{"href":"https:\/\/www.tianhongtrailer.com\/fr\/wp-json\/wp\/v2\/product\/1543"}],"collection":[{"href":"https:\/\/www.tianhongtrailer.com\/fr\/wp-json\/wp\/v2\/product"}],"about":[{"href":"https:\/\/www.tianhongtrailer.com\/fr\/wp-json\/wp\/v2\/types\/product"}],"replies":[{"embeddable":true,"href":"https:\/\/www.tianhongtrailer.com\/fr\/wp-json\/wp\/v2\/comments?post=1543"}],"wp:featuredmedia":[{"embeddable":true,"href":"https:\/\/www.tianhongtrailer.com\/fr\/wp-json\/wp\/v2\/media\/1430"}],"wp:attachment":[{"href":"https:\/\/www.tianhongtrailer.com\/fr\/wp-json\/wp\/v2\/media?parent=1543"}],"wp:term":[{"taxonomy":"product_cat","embeddable":true,"href":"https:\/\/www.tianhongtrailer.com\/fr\/wp-json\/wp\/v2\/product_cat?post=1543"},{"taxonomy":"product_tag","embeddable":true,"href":"https:\/\/www.tianhongtrailer.com\/fr\/wp-json\/wp\/v2\/product_tag?post=1543"}],"curies":[{"name":"wp","href":"https:\/\/api.w.org\/{rel}","templated":true}]}}