{"id":696,"date":"2024-03-13T06:32:43","date_gmt":"2024-03-13T06:32:43","guid":{"rendered":"https:\/\/tianhongtrailer.com\/?post_type=product&#038;p=696"},"modified":"2024-04-26T04:03:45","modified_gmt":"2024-04-26T04:03:45","slug":"2-3-axle-car-ttransporter-carrier-trailer","status":"publish","type":"product","link":"https:\/\/www.tianhongtrailer.com\/de\/produkt\/2-3-axle-car-ttransporter-carrier-trailer\/","title":{"rendered":"2\/3 Axle New Car Transporter Carrier Trailer \uff08For Dealer\uff09"},"content":{"rendered":"<div class=\"editor-header\"><img fetchpriority=\"high\" decoding=\"async\" class=\"alignnone size-full wp-image-697\" src=\"http:\/\/tianhongtrailer.com\/wp-content\/uploads\/2024\/03\/1\u3001banner11.jpg\" alt=\"\" width=\"1060\" height=\"416\" srcset=\"https:\/\/www.tianhongtrailer.com\/wp-content\/uploads\/2024\/03\/1\u3001banner11.jpg 1060w, https:\/\/www.tianhongtrailer.com\/wp-content\/uploads\/2024\/03\/1\u3001banner11-300x118.jpg 300w, https:\/\/www.tianhongtrailer.com\/wp-content\/uploads\/2024\/03\/1\u3001banner11-1024x402.jpg 1024w, https:\/\/www.tianhongtrailer.com\/wp-content\/uploads\/2024\/03\/1\u3001banner11-768x301.jpg 768w, https:\/\/www.tianhongtrailer.com\/wp-content\/uploads\/2024\/03\/1\u3001banner11-800x314.jpg 800w\" sizes=\"(max-width: 1060px) 100vw, 1060px\" \/><\/div>\n<div class=\"main-content\">\n<div class=\"container-right\">\n<div id=\"detail_decorate_root\">\n<div class=\"editor-plugin-canvas\">\n<div class=\"render-engien-app\">\n<div class=\"editor-component-row editor-component-row-relative\">\n<div class=\"editor-component-container\">\n<div class=\"previewer-item-wrap\">\n<div id=\"tempid_1710230939844_2\" class=\"J_module\">\n<h2 id=\"ali-anchor-AliMagic-m5csi6\" data-section=\"AliMagic-m5csi6\" data-section-title=\"Product Display\">Produkt Display<\/h2>\n<\/div>\n<\/div>\n<\/div>\n<\/div>\n<div class=\"editor-component-row editor-component-row-relative\">\n<div class=\"editor-component-container\">\n<div class=\"previewer-item-wrap\">\n<div id=\"tempid_1710230939844_3\" class=\"J_module\">\n<div class=\"icbu-pc-images\" data-reactroot=\"\">\n<div class=\"flex-layout-v\">\n<div class=\"flex-layout-h\"><img decoding=\"async\" class=\"alignnone size-full wp-image-698\" src=\"http:\/\/tianhongtrailer.com\/wp-content\/uploads\/2024\/03\/2\u3001\u957f\u56fe13.jpg\" alt=\"\" width=\"1060\" height=\"1597\" srcset=\"https:\/\/www.tianhongtrailer.com\/wp-content\/uploads\/2024\/03\/2\u3001\u957f\u56fe13.jpg 1060w, https:\/\/www.tianhongtrailer.com\/wp-content\/uploads\/2024\/03\/2\u3001\u957f\u56fe13-199x300.jpg 199w, https:\/\/www.tianhongtrailer.com\/wp-content\/uploads\/2024\/03\/2\u3001\u957f\u56fe13-680x1024.jpg 680w, https:\/\/www.tianhongtrailer.com\/wp-content\/uploads\/2024\/03\/2\u3001\u957f\u56fe13-768x1157.jpg 768w, https:\/\/www.tianhongtrailer.com\/wp-content\/uploads\/2024\/03\/2\u3001\u957f\u56fe13-1020x1536.jpg 1020w, https:\/\/www.tianhongtrailer.com\/wp-content\/uploads\/2024\/03\/2\u3001\u957f\u56fe13-800x1205.jpg 800w\" sizes=\"(max-width: 1060px) 100vw, 1060px\" \/><\/div>\n<\/div>\n<\/div>\n<\/div>\n<\/div>\n<div class=\"editor-component-container-mask\"><\/div>\n<\/div>\n<\/div>\n<div class=\"editor-component-row editor-component-row-relative\">\n<div class=\"editor-component-container\">\n<div class=\"previewer-item-wrap\">\n<div id=\"tempid_1710230939844_4\" class=\"J_module\">\n<div class=\"detail-decorate-json-renderer-container\" data-reactroot=\"\">\n<div class=\"preview-edit-text-editor\" data-reactroot=\"\">\n<div id=\"preview-edit-1\" class=\"content-editor\" tabindex=\"1\" contenteditable=\"true\">\n<div>\n<div>\n<div class=\"preview-edit-text-editor\" data-reactroot=\"\">\n<div id=\"preview-edit-1\" class=\"content-editor\" tabindex=\"1\" contenteditable=\"true\"><span style=\"color: #eb3419;\">Vorverkauf<\/span><\/div>\n<\/div>\n<\/div>\n<div>\n<div data-id=\"paragraph0\">\n<div class=\"preview-edit-text-editor\" data-reactroot=\"\">\n<div id=\"preview-edit-2\" class=\"content-editor\" tabindex=\"1\" contenteditable=\"true\">1. Unterst\u00fctzen Sie Kunden bei der Besichtigung der Fabrik 2. Unterst\u00fctzt mehrere Zahlungsarten wie TT, LC, etc. 3. Ausreichender Lagerbestand 4. Erfahrenes professionelles Verkaufsteam<\/div>\n<\/div>\n<\/div>\n<\/div>\n<\/div>\n<div>\n<div>\n<div class=\"preview-edit-text-editor\" data-reactroot=\"\">\n<div id=\"preview-edit-3\" class=\"content-editor\" tabindex=\"1\" contenteditable=\"true\"><span style=\"color: #eb3419;\">Verkauf<\/span><\/div>\n<\/div>\n<\/div>\n<div>\n<div data-id=\"paragraph1\">\n<div class=\"preview-edit-text-editor\" data-reactroot=\"\">\n<div id=\"preview-edit-4\" class=\"content-editor\" tabindex=\"1\" contenteditable=\"true\">1. Visualisierung des Produktionsprozesses 2. Visualisierung des Verpackungsprozesses 3. Transport<\/div>\n<\/div>\n<\/div>\n<\/div>\n<\/div>\n<div>\n<div>\n<div class=\"preview-edit-text-editor\" data-reactroot=\"\">\n<div id=\"preview-edit-5\" class=\"content-editor\" tabindex=\"1\" contenteditable=\"true\"><span style=\"color: #eb3419;\">Visualisierung des After-Sales-Prozesses<\/span><\/div>\n<\/div>\n<\/div>\n<div>\n<div data-id=\"paragraph2\">\n<div class=\"preview-edit-text-editor\" data-reactroot=\"\">\n<div id=\"preview-edit-6\" class=\"content-editor\" tabindex=\"1\" contenteditable=\"true\">1. Ein Jahr Garantie-Service 2. lebenslanger VIP-Service 3. Alte Kunden k\u00f6nnen gro\u00dfe Rabatte genie\u00dfen<\/div>\n<\/div>\n<\/div>\n<\/div>\n<\/div>\n<\/div>\n<\/div>\n<\/div>\n<\/div>\n<\/div>\n<h2 class=\"editor-component-container-mask\">Produkt Paramenter<\/h2>\n<\/div>\n<\/div>\n<div class=\"editor-component-row editor-component-row-relative\">\n<div class=\"editor-component-container\">\n<div class=\"previewer-item-wrap\">\n<div id=\"tempid_1710230939844_7\" class=\"J_module\">\n<div class=\"ife-detail-decorate-table\" data-reactroot=\"\">\n<table class=\"easy-table\" style=\"height: 313px;\" tabindex=\"1\" contenteditable=\"false\" width=\"725\" data-widget-cid=\"widget-0\">\n<tbody>\n<tr>\n<td>\n<div class=\"easy-table-content\" data-role=\"cellContent\">\n<div class=\"easy-table-editor\" data-role=\"cellEditor\"><b>Produktname<\/b><\/div>\n<\/div>\n<div class=\"easy-table-dragger-col\" data-role=\"colDragger\" data-control-cid=\"control-0\"><\/div>\n<\/td>\n<td>\n<div class=\"easy-table-content\" data-role=\"cellContent\">\n<div class=\"easy-table-editor\" data-role=\"cellEditor\">Car tTransporter Carrier Trailer<\/div>\n<\/div>\n<div class=\"easy-table-dragger-col\" data-role=\"colDragger\" data-control-cid=\"control-0\"><\/div>\n<\/td>\n<td>\n<div class=\"easy-table-content\" data-role=\"cellContent\">\n<div class=\"easy-table-editor\" data-role=\"cellEditor\"><b data-spm-anchor-id=\"a2700.pc-decorate.0.i20.5f5a3333yO21EO\">Kapazit\u00e4t<\/b><\/div>\n<\/div>\n<div class=\"easy-table-dragger-col\" data-role=\"colDragger\" data-control-cid=\"control-0\"><\/div>\n<\/td>\n<td>\n<div class=\"easy-table-content\" data-role=\"cellContent\">\n<div class=\"easy-table-editor\" data-role=\"cellEditor\">60T<\/div>\n<\/div>\n<div class=\"easy-table-dragger-col\" data-role=\"colDragger\" data-control-cid=\"control-0\"><\/div>\n<\/td>\n<\/tr>\n<tr>\n<td>\n<div class=\"easy-table-content\" data-role=\"cellContent\">\n<div class=\"easy-table-editor\" data-role=\"cellEditor\"><b>Marke<\/b><\/div>\n<\/div>\n<div class=\"easy-table-dragger-col\" data-role=\"colDragger\" data-control-cid=\"control-0\"><\/div>\n<\/td>\n<td>\n<div class=\"easy-table-content\" data-role=\"cellContent\">\n<div class=\"easy-table-editor\" data-role=\"cellEditor\">RHINOSTRONG<\/div>\n<\/div>\n<div class=\"easy-table-dragger-col\" data-role=\"colDragger\" data-control-cid=\"control-0\"><\/div>\n<\/td>\n<td>\n<div class=\"easy-table-content\" data-role=\"cellContent\">\n<div class=\"easy-table-editor\" data-role=\"cellEditor\"><b>Farbe<\/b><\/div>\n<\/div>\n<div class=\"easy-table-dragger-col\" data-role=\"colDragger\" data-control-cid=\"control-0\"><\/div>\n<\/td>\n<td>\n<div class=\"easy-table-content\" data-role=\"cellContent\">\n<div class=\"easy-table-editor\" data-role=\"cellEditor\">Gelb\/Rot<\/div>\n<\/div>\n<div class=\"easy-table-dragger-col\" data-role=\"colDragger\" data-control-cid=\"control-0\"><\/div>\n<\/td>\n<\/tr>\n<tr>\n<td>\n<div class=\"easy-table-content\" data-role=\"cellContent\">\n<div class=\"easy-table-editor\" data-role=\"cellEditor\"><b>Achse<\/b><\/div>\n<\/div>\n<div class=\"easy-table-dragger-col\" data-role=\"colDragger\" data-control-cid=\"control-0\"><\/div>\n<\/td>\n<td>\n<div class=\"easy-table-content\" data-role=\"cellContent\">\n<div class=\"easy-table-editor\" data-role=\"cellEditor\">Fuwa<\/div>\n<\/div>\n<div class=\"easy-table-dragger-col\" data-role=\"colDragger\" data-control-cid=\"control-0\"><\/div>\n<\/td>\n<td>\n<div class=\"easy-table-content\" data-role=\"cellContent\">\n<div class=\"easy-table-editor\" data-role=\"cellEditor\"><b>Ort des Produkts<\/b><\/div>\n<\/div>\n<div class=\"easy-table-dragger-col\" data-role=\"colDragger\" data-control-cid=\"control-0\"><\/div>\n<\/td>\n<td>\n<div class=\"easy-table-content\" data-role=\"cellContent\">\n<div class=\"easy-table-editor\" data-role=\"cellEditor\">Provinz Guangdong, China<\/div>\n<\/div>\n<div class=\"easy-table-dragger-col\" data-role=\"colDragger\" data-control-cid=\"control-0\"><\/div>\n<\/td>\n<\/tr>\n<tr>\n<td>\n<div class=\"easy-table-content\" data-role=\"cellContent\">\n<div class=\"easy-table-editor\" data-role=\"cellEditor\"><b>Fahrwerk<\/b><\/div>\n<\/div>\n<div class=\"easy-table-dragger-col\" data-role=\"colDragger\" data-control-cid=\"control-0\"><\/div>\n<\/td>\n<td>\n<div class=\"easy-table-content\" data-role=\"cellContent\">\n<div class=\"easy-table-editor\" data-role=\"cellEditor\">YaHua Marke<\/div>\n<\/div>\n<div class=\"easy-table-dragger-col\" data-role=\"colDragger\" data-control-cid=\"control-0\"><\/div>\n<\/td>\n<td>\n<div class=\"easy-table-content\" data-role=\"cellContent\">\n<div class=\"easy-table-editor\" data-role=\"cellEditor\"><b>K\u00f6nigszapfen<\/b><\/div>\n<\/div>\n<div class=\"easy-table-dragger-col\" data-role=\"colDragger\" data-control-cid=\"control-0\"><\/div>\n<\/td>\n<td>\n<div class=\"easy-table-content\" data-role=\"cellContent\">\n<div class=\"easy-table-editor\" data-role=\"cellEditor\">50#\/90#<\/div>\n<\/div>\n<div class=\"easy-table-dragger-col\" data-role=\"colDragger\" data-control-cid=\"control-0\"><\/div>\n<\/td>\n<\/tr>\n<tr>\n<td>\n<div class=\"easy-table-content\" data-role=\"cellContent\">\n<div class=\"easy-table-editor\" data-role=\"cellEditor\"><b>Gr\u00f6\u00dfe<\/b><\/div>\n<\/div>\n<div class=\"easy-table-dragger-col\" data-role=\"colDragger\" data-control-cid=\"control-0\"><\/div>\n<\/td>\n<td>\n<div class=\"easy-table-content\" data-role=\"cellContent\">\n<div class=\"easy-table-editor\" data-role=\"cellEditor\">12500*2550*1550mm<\/div>\n<\/div>\n<div class=\"easy-table-dragger-col\" data-role=\"colDragger\" data-control-cid=\"control-0\"><\/div>\n<\/td>\n<td>\n<div class=\"easy-table-content\" data-role=\"cellContent\">\n<div class=\"easy-table-editor\" data-role=\"cellEditor\"><b>Reifen<\/b><\/div>\n<\/div>\n<div class=\"easy-table-dragger-col\" data-role=\"colDragger\" data-control-cid=\"control-0\"><\/div>\n<\/td>\n<td>\n<div class=\"easy-table-content\" data-role=\"cellContent\">\n<div class=\"easy-table-editor\" data-role=\"cellEditor\">12.00R22.5<\/div>\n<\/div>\n<div class=\"easy-table-dragger-col\" data-role=\"colDragger\" data-control-cid=\"control-0\"><\/div>\n<\/td>\n<\/tr>\n<\/tbody>\n<\/table>\n<\/div>\n<\/div>\n<\/div>\n<\/div>\n<\/div>\n<\/div>\n<\/div>\n<div class=\"editor-component-row editor-component-row-relative\">\n<div class=\"editor-component-container\">\n<div class=\"previewer-item-wrap\">\n<div id=\"tempid_1710230939844_8\" class=\"J_module\">\n<h2 id=\"ali-anchor-AliMagic-mden2t\" data-section=\"AliMagic-mden2t\" data-section-title=\"Details Images\">Details Bilder<\/h2>\n<\/div>\n<\/div>\n<\/div>\n<\/div>\n<div class=\"editor-component-row editor-component-row-relative\">\n<div class=\"editor-component-container\">\n<div class=\"previewer-item-wrap\">\n<div id=\"tempid_1710230939844_9\" class=\"J_module\">\n<div class=\"icbu-pc-images\" data-reactroot=\"\">\n<div class=\"flex-layout-v\">\n<div class=\"flex-layout-h\"><img decoding=\"async\" class=\"alignnone size-full wp-image-699\" src=\"http:\/\/tianhongtrailer.com\/wp-content\/uploads\/2024\/03\/3\u3001\u7ec6\u828213.jpg\" alt=\"\" width=\"1060\" height=\"887\" srcset=\"https:\/\/www.tianhongtrailer.com\/wp-content\/uploads\/2024\/03\/3\u3001\u7ec6\u828213.jpg 1060w, https:\/\/www.tianhongtrailer.com\/wp-content\/uploads\/2024\/03\/3\u3001\u7ec6\u828213-300x251.jpg 300w, https:\/\/www.tianhongtrailer.com\/wp-content\/uploads\/2024\/03\/3\u3001\u7ec6\u828213-1024x857.jpg 1024w, https:\/\/www.tianhongtrailer.com\/wp-content\/uploads\/2024\/03\/3\u3001\u7ec6\u828213-768x643.jpg 768w, https:\/\/www.tianhongtrailer.com\/wp-content\/uploads\/2024\/03\/3\u3001\u7ec6\u828213-800x669.jpg 800w\" sizes=\"(max-width: 1060px) 100vw, 1060px\" \/><\/div>\n<\/div>\n<\/div>\n<\/div>\n<\/div>\n<\/div>\n<\/div>\n<div class=\"editor-component-row editor-component-row-relative\">\n<div class=\"editor-component-container\">\n<div class=\"previewer-item-wrap\">\n<div id=\"tempid_1710230939844_10\" class=\"J_module\">\n<h2 id=\"ali-anchor-AliMagic-j7iqbm\" data-section=\"AliMagic-j7iqbm\" data-section-title=\"Company Strength\">Unternehmen St\u00e4rke<\/h2>\n<\/div>\n<\/div>\n<\/div>\n<\/div>\n<div class=\"editor-component-row editor-component-row-relative\">\n<div class=\"editor-component-container\">\n<div class=\"previewer-item-wrap\">\n<div id=\"tempid_1710230939844_11\" class=\"J_module\">\n<div class=\"icbu-pc-images\" data-reactroot=\"\">\n<div>\n<div class=\"flex-layout-v\">\n<div class=\"flex-layout-h\">\n<div><img decoding=\"async\" src=\"https:\/\/sc04.alicdn.com\/kf\/A54f287d55630453b9cd4a53ba475b27cm\/276502841\/A54f287d55630453b9cd4a53ba475b27cm.jpg\" data-id=\"child-image-0\" \/><\/div>\n<\/div>\n<\/div>\n<\/div>\n<\/div>\n<\/div>\n<\/div>\n<\/div>\n<\/div>\n<div class=\"editor-component-row editor-component-row-relative\">\n<div class=\"editor-component-container\">\n<div class=\"previewer-item-wrap\">\n<div id=\"tempid_1710230939844_12\" class=\"J_module\">\n<div class=\"detail-decorate-json-renderer-container\" data-reactroot=\"\">\n<div>\n<div>\n<div>\n<div>\n<div class=\"preview-edit-text-editor\" data-reactroot=\"\">\n<div id=\"preview-edit-7\" class=\"content-editor\" tabindex=\"1\" contenteditable=\"true\">\n<p>Shandong Tianhong Automotive Technology Co., Ltd wurde 2010 gegr\u00fcndet und befindet sich in Chinas gr\u00f6\u00dfter Produktionsst\u00e4tte f\u00fcr Spezialfahrzeuge, Liangshan, in der Provinz Shandong, China. Wir haben eine Gesamtinvestition von 40.000.000 Dollar und eine Betriebsfl\u00e4che von mehr als 150.000 Quadratmetern und besch\u00e4ftigen 210 Mitarbeiter. Das Unternehmen ist stark und verf\u00fcgt \u00fcber ein professionelles Design- und Produktionsteam sowie ein After-Sales-Team.<\/p>\n<div>Wir freuen uns darauf, mit Ihnen zusammenzuarbeiten, um Ihnen zufriedenstellende Produkte anzubieten und gemeinsam eine Win-Win-Zukunft zu erreichen.<\/div>\n<\/div>\n<\/div>\n<\/div>\n<\/div>\n<\/div>\n<\/div>\n<\/div>\n<\/div>\n<\/div>\n<\/div>\n<\/div>\n<div class=\"editor-component-row editor-component-row-relative\">\n<div class=\"editor-component-container\">\n<div class=\"previewer-item-wrap\">\n<div id=\"tempid_1710230939844_13\" class=\"J_module\">\n<div class=\"icbu-pc-images\" data-reactroot=\"\">\n<div>\n<div class=\"flex-layout-v\">\n<div class=\"flex-layout-h\">\n<div><img decoding=\"async\" src=\"https:\/\/sc04.alicdn.com\/kf\/A62607009376a4131a738068f85d506701\/276502841\/A62607009376a4131a738068f85d506701.jpg\" data-id=\"child-image-0\" \/><\/div>\n<\/div>\n<\/div>\n<\/div>\n<\/div>\n<\/div>\n<\/div>\n<\/div>\n<\/div>\n<div class=\"editor-component-row editor-component-row-relative\">\n<div class=\"editor-component-container\">\n<div class=\"previewer-item-wrap\">\n<div id=\"tempid_1710230939844_14\" class=\"J_module\">\n<div class=\"icbu-pc-images\" data-reactroot=\"\">\n<div>\n<div class=\"flex-layout-v\">\n<div class=\"flex-layout-h\">\n<div><img loading=\"lazy\" decoding=\"async\" class=\"\" src=\"https:\/\/sc04.alicdn.com\/kf\/A9d9e8c29351c4d478cd36130532f0780G\/276502841\/A9d9e8c29351c4d478cd36130532f0780G.jpg\" width=\"1112\" height=\"704\" data-id=\"child-image-0\" \/><\/div>\n<\/div>\n<\/div>\n<\/div>\n<\/div>\n<\/div>\n<\/div>\n<\/div>\n<\/div>\n<\/div>\n<\/div>\n<\/div>","protected":false},"excerpt":{"rendered":"<p>Product Display Pre-sale 1. Support customers to visit the factory 2. Supports multiple payment methods such as TT, LC, etc. 3. Sufficient inventory 4. Experienced professional sales team Sale 1. Visualization of the production process 2. Visualization of packaging process 3. Transportation After-sales process visualization 1. One-year warranty service 2.Enjoy lifetime VIP service 3. Old [&hellip;]<\/p>","protected":false},"featured_media":705,"comment_status":"open","ping_status":"closed","template":"","meta":[],"product_cat":[35],"product_tag":[],"_links":{"self":[{"href":"https:\/\/www.tianhongtrailer.com\/de\/wp-json\/wp\/v2\/product\/696"}],"collection":[{"href":"https:\/\/www.tianhongtrailer.com\/de\/wp-json\/wp\/v2\/product"}],"about":[{"href":"https:\/\/www.tianhongtrailer.com\/de\/wp-json\/wp\/v2\/types\/product"}],"replies":[{"embeddable":true,"href":"https:\/\/www.tianhongtrailer.com\/de\/wp-json\/wp\/v2\/comments?post=696"}],"wp:featuredmedia":[{"embeddable":true,"href":"https:\/\/www.tianhongtrailer.com\/de\/wp-json\/wp\/v2\/media\/705"}],"wp:attachment":[{"href":"https:\/\/www.tianhongtrailer.com\/de\/wp-json\/wp\/v2\/media?parent=696"}],"wp:term":[{"taxonomy":"product_cat","embeddable":true,"href":"https:\/\/www.tianhongtrailer.com\/de\/wp-json\/wp\/v2\/product_cat?post=696"},{"taxonomy":"product_tag","embeddable":true,"href":"https:\/\/www.tianhongtrailer.com\/de\/wp-json\/wp\/v2\/product_tag?post=696"}],"curies":[{"name":"wp","href":"https:\/\/api.w.org\/{rel}","templated":true}]}}